{"id":167,"date":"2023-05-19T16:39:25","date_gmt":"2023-05-19T14:39:25","guid":{"rendered":"https:\/\/air-cbd.com\/?page_id=167"},"modified":"2023-06-06T12:47:55","modified_gmt":"2023-06-06T10:47:55","slug":"vente-cbd-en-gros-ou-semi-gros","status":"publish","type":"page","link":"https:\/\/air-cbd.com\/index.php\/vente-cbd-en-gros-ou-semi-gros\/","title":{"rendered":"Vente CBD en gros ou semi gros"},"content":{"rendered":"\n<h2 class=\"wp-block-heading\">Vente de CBD pour les pros (shops, buralistes, livreurs&#8230;)<\/h2>\n\n\n\n<p>Nous proposons nos produits pour les distributeurs professionnels. Choisissez parmi plusieurs vari\u00e9t\u00e9s de <strong>fleurs de CBD<\/strong> ou de <strong>r\u00e9sines<\/strong>. Vente sur 100g, 200g, 500g, 1kg.<\/p>\n\n\n\n<h3 class=\"wp-block-heading\">Nos fleurs de CBD<\/h3>\n\n\n\n<h4 class=\"wp-block-heading\">Amn\u00e9sia, Lemon Haze, Cookie Kush, Strawberry, Rainbow&#8230;<\/h4>\n\n\n\n<p>Remplissez le formulaire ci dessous pour recevoir notre catalogue avec les <strong>tarifs<\/strong><\/p>\n\n\n<div class=\"wp-block-jetpack-contact-form\"><a href=\"https:\/\/air-cbd.com\/index.php\/vente-cbd-en-gros-ou-semi-gros\/\" target=\"_blank\" rel=\"noopener noreferrer\">Submit a form.<\/a><\/div>","protected":false},"excerpt":{"rendered":"<p>Vente de CBD pour les pros (shops, buralistes, livreurs&#8230;) Nous proposons nos produits pour les distributeurs professionnels. Choisissez parmi plusieurs vari\u00e9t\u00e9s de fleurs de CBD ou de r\u00e9sines. Vente sur 100g, 200g, 500g, 1kg. Nos fleurs de CBD Amn\u00e9sia, Lemon Haze, Cookie Kush, Strawberry, Rainbow&#8230; Remplissez le formulaire ci dessous pour recevoir notre catalogue avec [&hellip;]<\/p>\n","protected":false},"author":1,"featured_media":0,"parent":0,"menu_order":0,"comment_status":"closed","ping_status":"closed","template":"","meta":[],"aioseo_notices":[],"_links":{"self":[{"href":"https:\/\/air-cbd.com\/index.php\/wp-json\/wp\/v2\/pages\/167"}],"collection":[{"href":"https:\/\/air-cbd.com\/index.php\/wp-json\/wp\/v2\/pages"}],"about":[{"href":"https:\/\/air-cbd.com\/index.php\/wp-json\/wp\/v2\/types\/page"}],"author":[{"embeddable":true,"href":"https:\/\/air-cbd.com\/index.php\/wp-json\/wp\/v2\/users\/1"}],"replies":[{"embeddable":true,"href":"https:\/\/air-cbd.com\/index.php\/wp-json\/wp\/v2\/comments?post=167"}],"version-history":[{"count":10,"href":"https:\/\/air-cbd.com\/index.php\/wp-json\/wp\/v2\/pages\/167\/revisions"}],"predecessor-version":[{"id":393,"href":"https:\/\/air-cbd.com\/index.php\/wp-json\/wp\/v2\/pages\/167\/revisions\/393"}],"wp:attachment":[{"href":"https:\/\/air-cbd.com\/index.php\/wp-json\/wp\/v2\/media?parent=167"}],"curies":[{"name":"wp","href":"https:\/\/api.w.org\/{rel}","templated":true}]}}