{"id":420,"date":"2023-06-08T14:52:36","date_gmt":"2023-06-08T12:52:36","guid":{"rendered":"https:\/\/air-cbd.com\/?page_id=420"},"modified":"2023-06-09T00:24:26","modified_gmt":"2023-06-08T22:24:26","slug":"livrer-du-cbd-en-expresse","status":"publish","type":"page","link":"https:\/\/air-cbd.com\/index.php\/livrer-du-cbd-en-expresse\/","title":{"rendered":"Livrer du CBD en expresse"},"content":{"rendered":"\n<h2 class=\"wp-block-heading\">Devenir livreur franchis\u00e9 de produits Air CBD<\/h2>\n\n\n\n<p>B\u00e9n\u00e9ficiez des tarifs semi gros et livrez du <strong>CBD<\/strong> au d\u00e9tail selon vos moyens de transport (v\u00e9lo, voiture, scooter, transports en commun&#8230;) dans un d\u00e9lais de 2h maximum. <\/p>\n","protected":false},"excerpt":{"rendered":"<p>Devenir livreur franchis\u00e9 de produits Air CBD B\u00e9n\u00e9ficiez des tarifs semi gros et livrez du CBD au d\u00e9tail selon vos moyens de transport (v\u00e9lo, voiture, scooter, transports en commun&#8230;) dans un d\u00e9lais de 2h maximum.<\/p>\n","protected":false},"author":1,"featured_media":0,"parent":0,"menu_order":0,"comment_status":"closed","ping_status":"closed","template":"","meta":[],"aioseo_notices":[],"_links":{"self":[{"href":"https:\/\/air-cbd.com\/index.php\/wp-json\/wp\/v2\/pages\/420"}],"collection":[{"href":"https:\/\/air-cbd.com\/index.php\/wp-json\/wp\/v2\/pages"}],"about":[{"href":"https:\/\/air-cbd.com\/index.php\/wp-json\/wp\/v2\/types\/page"}],"author":[{"embeddable":true,"href":"https:\/\/air-cbd.com\/index.php\/wp-json\/wp\/v2\/users\/1"}],"replies":[{"embeddable":true,"href":"https:\/\/air-cbd.com\/index.php\/wp-json\/wp\/v2\/comments?post=420"}],"version-history":[{"count":3,"href":"https:\/\/air-cbd.com\/index.php\/wp-json\/wp\/v2\/pages\/420\/revisions"}],"predecessor-version":[{"id":426,"href":"https:\/\/air-cbd.com\/index.php\/wp-json\/wp\/v2\/pages\/420\/revisions\/426"}],"wp:attachment":[{"href":"https:\/\/air-cbd.com\/index.php\/wp-json\/wp\/v2\/media?parent=420"}],"curies":[{"name":"wp","href":"https:\/\/api.w.org\/{rel}","templated":true}]}}