{"id":45,"date":"2023-04-05T19:56:17","date_gmt":"2023-04-05T17:56:17","guid":{"rendered":"https:\/\/air-cbd.com\/?page_id=45"},"modified":"2023-04-05T23:35:21","modified_gmt":"2023-04-05T21:35:21","slug":"precommande-fleur-de-cbd-arlequin","status":"publish","type":"page","link":"https:\/\/air-cbd.com\/index.php\/precommande-fleur-de-cbd-arlequin\/","title":{"rendered":"Pr\u00e9commande fleur de CBD Arlequin"},"content":{"rendered":"\n<p>Les infos que vous fournissez serviront \u00e0 revenir vers vous. Vous recevrez un e-mail d\u00e8s que le produit est disponible \u00e0 la <strong>livraison \u00e0 domicile<\/strong> (les donn\u00e9es que nous collectons ne sont ni commercialis\u00e9es ni \u00e9chang\u00e9es). <\/p>\n\n\n<div class=\"wp-block-jetpack-contact-form\"><a href=\"https:\/\/air-cbd.com\/index.php\/precommande-fleur-de-cbd-arlequin\/\" target=\"_blank\" rel=\"noopener noreferrer\">Submit a form.<\/a><\/div>","protected":false},"excerpt":{"rendered":"<p>Les infos que vous fournissez serviront \u00e0 revenir vers vous. Vous recevrez un e-mail d\u00e8s que le produit est disponible \u00e0 la livraison \u00e0 domicile (les donn\u00e9es que nous collectons ne sont ni commercialis\u00e9es ni \u00e9chang\u00e9es).<\/p>\n","protected":false},"author":1,"featured_media":0,"parent":0,"menu_order":0,"comment_status":"closed","ping_status":"closed","template":"","meta":[],"aioseo_notices":[],"_links":{"self":[{"href":"https:\/\/air-cbd.com\/index.php\/wp-json\/wp\/v2\/pages\/45"}],"collection":[{"href":"https:\/\/air-cbd.com\/index.php\/wp-json\/wp\/v2\/pages"}],"about":[{"href":"https:\/\/air-cbd.com\/index.php\/wp-json\/wp\/v2\/types\/page"}],"author":[{"embeddable":true,"href":"https:\/\/air-cbd.com\/index.php\/wp-json\/wp\/v2\/users\/1"}],"replies":[{"embeddable":true,"href":"https:\/\/air-cbd.com\/index.php\/wp-json\/wp\/v2\/comments?post=45"}],"version-history":[{"count":3,"href":"https:\/\/air-cbd.com\/index.php\/wp-json\/wp\/v2\/pages\/45\/revisions"}],"predecessor-version":[{"id":50,"href":"https:\/\/air-cbd.com\/index.php\/wp-json\/wp\/v2\/pages\/45\/revisions\/50"}],"wp:attachment":[{"href":"https:\/\/air-cbd.com\/index.php\/wp-json\/wp\/v2\/media?parent=45"}],"curies":[{"name":"wp","href":"https:\/\/api.w.org\/{rel}","templated":true}]}}