{"id":478,"date":"2023-06-15T17:05:48","date_gmt":"2023-06-15T15:05:48","guid":{"rendered":"https:\/\/air-cbd.com\/?page_id=478"},"modified":"2023-10-29T14:15:55","modified_gmt":"2023-10-29T13:15:55","slug":"cbd-cultive-en-indoor-pour-une-qualite-optimale","status":"publish","type":"page","link":"https:\/\/air-cbd.com\/index.php\/cbd-cultive-en-indoor-pour-une-qualite-optimale\/","title":{"rendered":"Culture Indoor du CBD"},"content":{"rendered":"\n<h2 class=\"wp-block-heading\">Qu&#8217;est ce que la culture indoor de CBD<strong>?<\/strong><\/h2>\n\n\n\n<p><strong>La culture en indoor<\/strong>,  connue sous le nom&#8230;.. <\/p>\n\n\n\n<h3 class=\"wp-block-heading\">Les avantages <\/h3>\n\n\n\n<p>L&#8217;un des avantages&#8230;.<\/p>\n\n\n\n<p>Un autre avantage &#8230;<\/p>\n\n\n\n<h2 class=\"wp-block-heading\">La culture ID qualit\u00e9<\/h2>\n\n\n\n<p><\/p>\n\n\n\n<p><\/p>\n\n\n\n<p><\/p>\n\n\n\n<div style=\"height:65px\" aria-hidden=\"true\" class=\"wp-block-spacer\"><\/div>\n\n\n\n<h2 class=\"wp-block-heading\">Nos Fleurs de CBD cultiv\u00e9es en indoor<\/h2>\n\n\n<div data-block-name=\"woocommerce\/product-category\" data-columns=\"5\" data-rows=\"1\" data-align-buttons=\"true\" data-categories=\"[18]\" data-stock-status=\"[&quot;&quot;,&quot;instock&quot;,&quot;outofstock&quot;,&quot;onbackorder&quot;]\" class=\"wc-block-grid wp-block-product-category wc-block-product-category has-5-columns has-aligned-buttons\"><ul class=\"wc-block-grid__products\"><li class=\"wc-block-grid__product\">\n\t\t\t\t<a href=\"https:\/\/air-cbd.com\/index.php\/product\/fleur-cbd-sun-rock-indoor\/\" class=\"wc-block-grid__product-link\">\n\t\t\t\t\t<div class=\"wc-block-grid__product-image\"><img width=\"300\" height=\"300\" src=\"https:\/\/air-cbd.com\/wp-content\/uploads\/2023\/06\/fleur-cbd-indoor-bio-300x300.jpg\" class=\"attachment-woocommerce_thumbnail size-woocommerce_thumbnail\" alt=\"Sun Rock Indoor CBD 55%\" decoding=\"async\" loading=\"lazy\" srcset=\"https:\/\/air-cbd.com\/wp-content\/uploads\/2023\/06\/fleur-cbd-indoor-bio-300x300.jpg 300w, https:\/\/air-cbd.com\/wp-content\/uploads\/2023\/06\/fleur-cbd-indoor-bio-150x150.jpg 150w, https:\/\/air-cbd.com\/wp-content\/uploads\/2023\/06\/fleur-cbd-indoor-bio-100x100.jpg 100w, https:\/\/air-cbd.com\/wp-content\/uploads\/2023\/06\/fleur-cbd-indoor-bio.jpg 500w\" sizes=\"(max-width: 300px) 100vw, 300px\" \/><\/div>\n\t\t\t\t\t<div class=\"wc-block-grid__product-title\">Sun Rock Indoor CBD 55%<\/div>\n\t\t\t\t<\/a>\n\t\t\t\t\n\t\t\t\t<div class=\"wc-block-grid__product-price price\"><span class=\"woocommerce-Price-amount amount\"><span class=\"woocommerce-Price-currencySymbol\">&euro;<\/span>15.20<\/span> &ndash; <span class=\"woocommerce-Price-amount amount\"><span class=\"woocommerce-Price-currencySymbol\">&euro;<\/span>174.00<\/span><\/div>\n\t\t\t\t\n\t\t\t\t<div class=\"wp-block-button wc-block-grid__product-add-to-cart\"><a href=\"https:\/\/air-cbd.com\/index.php\/product\/fleur-cbd-sun-rock-indoor\/\" aria-label=\"Select options for &ldquo;Sun Rock Indoor CBD 55%&rdquo;\" data-quantity=\"1\" data-product_id=\"683\" data-product_sku=\"\" rel=\"nofollow\" class=\"wp-block-button__link wp-element-button add_to_cart_button\">Select options<\/a><\/div>\n\t\t\t<\/li><li class=\"wc-block-grid__product\">\n\t\t\t\t<a href=\"https:\/\/air-cbd.com\/index.php\/product\/fleur-cbd-moon-rock-indoor\/\" class=\"wc-block-grid__product-link\">\n\t\t\t\t\t<div class=\"wc-block-grid__product-image\"><img width=\"300\" height=\"300\" src=\"https:\/\/air-cbd.com\/wp-content\/uploads\/2023\/06\/moonrock-fleur-cbd-indoor-300x300.jpg\" class=\"attachment-woocommerce_thumbnail size-woocommerce_thumbnail\" alt=\"Moon Rock Indoor CBD 40%\" decoding=\"async\" loading=\"lazy\" srcset=\"https:\/\/air-cbd.com\/wp-content\/uploads\/2023\/06\/moonrock-fleur-cbd-indoor-300x300.jpg 300w, https:\/\/air-cbd.com\/wp-content\/uploads\/2023\/06\/moonrock-fleur-cbd-indoor-150x150.jpg 150w, https:\/\/air-cbd.com\/wp-content\/uploads\/2023\/06\/moonrock-fleur-cbd-indoor-100x100.jpg 100w, https:\/\/air-cbd.com\/wp-content\/uploads\/2023\/06\/moonrock-fleur-cbd-indoor.jpg 500w\" sizes=\"(max-width: 300px) 100vw, 300px\" \/><\/div>\n\t\t\t\t\t<div class=\"wc-block-grid__product-title\">Moon Rock Indoor CBD 40%<\/div>\n\t\t\t\t<\/a>\n\t\t\t\t\n\t\t\t\t<div class=\"wc-block-grid__product-price price\"><span class=\"woocommerce-Price-amount amount\"><span class=\"woocommerce-Price-currencySymbol\">&euro;<\/span>15.20<\/span> &ndash; <span class=\"woocommerce-Price-amount amount\"><span class=\"woocommerce-Price-currencySymbol\">&euro;<\/span>174.00<\/span><\/div>\n\t\t\t\t\n\t\t\t\t<div class=\"wp-block-button wc-block-grid__product-add-to-cart\"><a href=\"https:\/\/air-cbd.com\/index.php\/product\/fleur-cbd-moon-rock-indoor\/\" aria-label=\"Select options for &ldquo;Moon Rock Indoor CBD 40%&rdquo;\" data-quantity=\"1\" data-product_id=\"614\" data-product_sku=\"\" rel=\"nofollow\" class=\"wp-block-button__link wp-element-button add_to_cart_button\">Select options<\/a><\/div>\n\t\t\t<\/li><li class=\"wc-block-grid__product\">\n\t\t\t\t<a href=\"https:\/\/air-cbd.com\/index.php\/product\/fleur-cbd-ice-rock-indoor\/\" class=\"wc-block-grid__product-link\">\n\t\t\t\t\t<div class=\"wc-block-grid__product-image\"><img width=\"300\" height=\"300\" src=\"https:\/\/air-cbd.com\/wp-content\/uploads\/2023\/06\/icerock-cbd-90-suisse-300x300.jpg\" class=\"attachment-woocommerce_thumbnail size-woocommerce_thumbnail\" alt=\"Ice Rock Indoor CBD 90%\" decoding=\"async\" loading=\"lazy\" srcset=\"https:\/\/air-cbd.com\/wp-content\/uploads\/2023\/06\/icerock-cbd-90-suisse-300x300.jpg 300w, https:\/\/air-cbd.com\/wp-content\/uploads\/2023\/06\/icerock-cbd-90-suisse-150x150.jpg 150w, https:\/\/air-cbd.com\/wp-content\/uploads\/2023\/06\/icerock-cbd-90-suisse-100x100.jpg 100w, https:\/\/air-cbd.com\/wp-content\/uploads\/2023\/06\/icerock-cbd-90-suisse.jpg 500w\" sizes=\"(max-width: 300px) 100vw, 300px\" \/><\/div>\n\t\t\t\t\t<div class=\"wc-block-grid__product-title\">Ice Rock Indoor CBD 90%<\/div>\n\t\t\t\t<\/a>\n\t\t\t\t\n\t\t\t\t<div class=\"wc-block-grid__product-price price\"><span class=\"woocommerce-Price-amount amount\"><span class=\"woocommerce-Price-currencySymbol\">&euro;<\/span>17.20<\/span> &ndash; <span class=\"woocommerce-Price-amount amount\"><span class=\"woocommerce-Price-currencySymbol\">&euro;<\/span>190.00<\/span><\/div>\n\t\t\t\t\n\t\t\t\t<div class=\"wp-block-button wc-block-grid__product-add-to-cart\"><a href=\"https:\/\/air-cbd.com\/index.php\/product\/fleur-cbd-ice-rock-indoor\/\" aria-label=\"Select options for &ldquo;Ice Rock Indoor CBD 90%&rdquo;\" data-quantity=\"1\" data-product_id=\"607\" data-product_sku=\"\" rel=\"nofollow\" class=\"wp-block-button__link wp-element-button add_to_cart_button\">Select options<\/a><\/div>\n\t\t\t<\/li><li class=\"wc-block-grid__product\">\n\t\t\t\t<a href=\"https:\/\/air-cbd.com\/index.php\/product\/fleur-cbd-durban-poison-indoor\/\" class=\"wc-block-grid__product-link\">\n\t\t\t\t\t<div class=\"wc-block-grid__product-image\"><img width=\"300\" height=\"300\" src=\"https:\/\/air-cbd.com\/wp-content\/uploads\/2023\/06\/cbd-durban-oison-air-cbd-indoor-suisse-300x300.png\" class=\"attachment-woocommerce_thumbnail size-woocommerce_thumbnail\" alt=\"Durban Poison Indoor 9,5% CBD\" decoding=\"async\" loading=\"lazy\" srcset=\"https:\/\/air-cbd.com\/wp-content\/uploads\/2023\/06\/cbd-durban-oison-air-cbd-indoor-suisse-300x300.png 300w, https:\/\/air-cbd.com\/wp-content\/uploads\/2023\/06\/cbd-durban-oison-air-cbd-indoor-suisse-150x150.png 150w, https:\/\/air-cbd.com\/wp-content\/uploads\/2023\/06\/cbd-durban-oison-air-cbd-indoor-suisse-100x100.png 100w, https:\/\/air-cbd.com\/wp-content\/uploads\/2023\/06\/cbd-durban-oison-air-cbd-indoor-suisse.png 500w\" sizes=\"(max-width: 300px) 100vw, 300px\" \/><\/div>\n\t\t\t\t\t<div class=\"wc-block-grid__product-title\">Durban Poison Indoor 9,5% CBD<\/div>\n\t\t\t\t<\/a>\n\t\t\t\t\n\t\t\t\t<div class=\"wc-block-grid__product-price price\"><span class=\"woocommerce-Price-amount amount\"><span class=\"woocommerce-Price-currencySymbol\">&euro;<\/span>13.20<\/span> &ndash; <span class=\"woocommerce-Price-amount amount\"><span class=\"woocommerce-Price-currencySymbol\">&euro;<\/span>152.00<\/span><\/div>\n\t\t\t\t\n\t\t\t\t<div class=\"wp-block-button wc-block-grid__product-add-to-cart\"><a href=\"https:\/\/air-cbd.com\/index.php\/product\/fleur-cbd-durban-poison-indoor\/\" aria-label=\"Select options for &ldquo;Durban Poison Indoor 9,5% CBD&rdquo;\" data-quantity=\"1\" data-product_id=\"600\" data-product_sku=\"\" rel=\"nofollow\" class=\"wp-block-button__link wp-element-button add_to_cart_button\">Select options<\/a><\/div>\n\t\t\t<\/li><li class=\"wc-block-grid__product\">\n\t\t\t\t<a href=\"https:\/\/air-cbd.com\/index.php\/product\/fleur-cbd-amnesia-queen-indoor\/\" class=\"wc-block-grid__product-link\">\n\t\t\t\t\t<div class=\"wc-block-grid__product-image\"><img width=\"300\" height=\"300\" src=\"https:\/\/air-cbd.com\/wp-content\/uploads\/2023\/06\/cbd-amnesia-indoor-300x300.jpg\" class=\"attachment-woocommerce_thumbnail size-woocommerce_thumbnail\" alt=\"Amnesia Queen Indoor CBD 10%\" decoding=\"async\" loading=\"lazy\" srcset=\"https:\/\/air-cbd.com\/wp-content\/uploads\/2023\/06\/cbd-amnesia-indoor-300x300.jpg 300w, https:\/\/air-cbd.com\/wp-content\/uploads\/2023\/06\/cbd-amnesia-indoor-150x150.jpg 150w, https:\/\/air-cbd.com\/wp-content\/uploads\/2023\/06\/cbd-amnesia-indoor-100x100.jpg 100w, https:\/\/air-cbd.com\/wp-content\/uploads\/2023\/06\/cbd-amnesia-indoor.jpg 500w\" sizes=\"(max-width: 300px) 100vw, 300px\" \/><\/div>\n\t\t\t\t\t<div class=\"wc-block-grid__product-title\">Amnesia Queen Indoor CBD 10%<\/div>\n\t\t\t\t<\/a>\n\t\t\t\t\n\t\t\t\t<div class=\"wc-block-grid__product-price price\"><span class=\"woocommerce-Price-amount amount\"><span class=\"woocommerce-Price-currencySymbol\">&euro;<\/span>14.20<\/span> &ndash; <span class=\"woocommerce-Price-amount amount\"><span class=\"woocommerce-Price-currencySymbol\">&euro;<\/span>165.00<\/span><\/div>\n\t\t\t\t\n\t\t\t\t<div class=\"wp-block-button wc-block-grid__product-add-to-cart\"><a href=\"https:\/\/air-cbd.com\/index.php\/product\/fleur-cbd-amnesia-queen-indoor\/\" aria-label=\"Select options for &ldquo;Amnesia Queen Indoor CBD 10%&rdquo;\" data-quantity=\"1\" data-product_id=\"593\" data-product_sku=\"\" rel=\"nofollow\" class=\"wp-block-button__link wp-element-button add_to_cart_button\">Select options<\/a><\/div>\n\t\t\t<\/li><\/ul><\/div>\n\n\n<div style=\"height:45px\" aria-hidden=\"true\" class=\"wp-block-spacer\"><\/div>\n\n\n\n<h3 class=\"wp-block-heading\">Nos R\u00e9sines de CBD issues de plantes cultiv\u00e9es en indoor<\/h3>\n\n\n<div data-block-name=\"woocommerce\/product-category\" data-columns=\"5\" data-rows=\"1\" data-align-buttons=\"true\" data-content-visibility=\"{&quot;image&quot;:true,&quot;title&quot;:true,&quot;price&quot;:true,&quot;rating&quot;:false,&quot;button&quot;:true}\" data-categories=\"[17]\" class=\"wc-block-grid wp-block-product-category wc-block-product-category has-5-columns has-aligned-buttons\"><ul class=\"wc-block-grid__products\"><li class=\"wc-block-grid__product\">\n\t\t\t\t<a href=\"https:\/\/air-cbd.com\/index.php\/product\/resine-cbd-caramelo\/\" class=\"wc-block-grid__product-link\">\n\t\t\t\t\t<div class=\"wc-block-grid__product-image\"><img width=\"300\" height=\"300\" src=\"https:\/\/air-cbd.com\/wp-content\/uploads\/woocommerce-placeholder-300x300.png\" class=\"woocommerce-placeholder wp-post-image\" alt=\"\" decoding=\"async\" loading=\"lazy\" srcset=\"https:\/\/air-cbd.com\/wp-content\/uploads\/woocommerce-placeholder-300x300.png 300w, https:\/\/air-cbd.com\/wp-content\/uploads\/woocommerce-placeholder-100x100.png 100w, https:\/\/air-cbd.com\/wp-content\/uploads\/woocommerce-placeholder-600x600.png 600w, https:\/\/air-cbd.com\/wp-content\/uploads\/woocommerce-placeholder-1024x1024.png 1024w, https:\/\/air-cbd.com\/wp-content\/uploads\/woocommerce-placeholder-150x150.png 150w, https:\/\/air-cbd.com\/wp-content\/uploads\/woocommerce-placeholder-768x768.png 768w, https:\/\/air-cbd.com\/wp-content\/uploads\/woocommerce-placeholder.png 1200w\" sizes=\"(max-width: 300px) 100vw, 300px\" \/><\/div>\n\t\t\t\t\t<div class=\"wc-block-grid__product-title\">Caramelo<\/div>\n\t\t\t\t<\/a>\n\t\t\t\t\n\t\t\t\t<div class=\"wc-block-grid__product-price price\"><\/div>\n\t\t\t\t\n\t\t\t\t<div class=\"wp-block-button wc-block-grid__product-add-to-cart\"><a href=\"https:\/\/air-cbd.com\/index.php\/product\/resine-cbd-caramelo\/\" aria-label=\"Select options for &ldquo;Caramelo&rdquo;\" data-quantity=\"1\" data-product_id=\"567\" data-product_sku=\"\" rel=\"nofollow\" class=\"wp-block-button__link wp-element-button add_to_cart_button\">Select options<\/a><\/div>\n\t\t\t<\/li><li class=\"wc-block-grid__product\">\n\t\t\t\t<a href=\"https:\/\/air-cbd.com\/index.php\/product\/hash-filtre-mango\/\" class=\"wc-block-grid__product-link\">\n\t\t\t\t\t<div class=\"wc-block-grid__product-image\"><img width=\"300\" height=\"300\" src=\"https:\/\/air-cbd.com\/wp-content\/uploads\/2023\/05\/Hash-Filtre-Mango-300x300.jpg\" class=\"attachment-woocommerce_thumbnail size-woocommerce_thumbnail\" alt=\"Hash Filtr\u00e9 Mango\" decoding=\"async\" loading=\"lazy\" srcset=\"https:\/\/air-cbd.com\/wp-content\/uploads\/2023\/05\/Hash-Filtre-Mango-300x300.jpg 300w, https:\/\/air-cbd.com\/wp-content\/uploads\/2023\/05\/Hash-Filtre-Mango-150x150.jpg 150w, https:\/\/air-cbd.com\/wp-content\/uploads\/2023\/05\/Hash-Filtre-Mango-600x600.jpg 600w, https:\/\/air-cbd.com\/wp-content\/uploads\/2023\/05\/Hash-Filtre-Mango-100x100.jpg 100w\" sizes=\"(max-width: 300px) 100vw, 300px\" \/><\/div>\n\t\t\t\t\t<div class=\"wc-block-grid__product-title\">Hash Filtr\u00e9 Mango<\/div>\n\t\t\t\t<\/a>\n\t\t\t\t\n\t\t\t\t<div class=\"wc-block-grid__product-price price\"><\/div>\n\t\t\t\t\n\t\t\t\t<div class=\"wp-block-button wc-block-grid__product-add-to-cart\"><a href=\"https:\/\/air-cbd.com\/index.php\/product\/hash-filtre-mango\/\" aria-label=\"Read more about &ldquo;Hash Filtr\u00e9 Mango&rdquo;\" data-quantity=\"1\" data-product_id=\"295\" data-product_sku=\"\" rel=\"nofollow\" class=\"wp-block-button__link wp-element-button add_to_cart_button\">Read more<\/a><\/div>\n\t\t\t<\/li><li class=\"wc-block-grid__product\">\n\t\t\t\t<a href=\"https:\/\/air-cbd.com\/index.php\/product\/hash-charas-25-cbd-cbg-cbn\/\" class=\"wc-block-grid__product-link\">\n\t\t\t\t\t<div class=\"wc-block-grid__product-image\"><img width=\"300\" height=\"300\" src=\"https:\/\/air-cbd.com\/wp-content\/uploads\/2023\/05\/Hash-Charas-25-CBD-CBG-CBN--300x300.jpg\" class=\"attachment-woocommerce_thumbnail size-woocommerce_thumbnail\" alt=\"Hash Charas 25% CBD CBG CBN\" decoding=\"async\" loading=\"lazy\" srcset=\"https:\/\/air-cbd.com\/wp-content\/uploads\/2023\/05\/Hash-Charas-25-CBD-CBG-CBN--300x300.jpg 300w, https:\/\/air-cbd.com\/wp-content\/uploads\/2023\/05\/Hash-Charas-25-CBD-CBG-CBN--150x150.jpg 150w, https:\/\/air-cbd.com\/wp-content\/uploads\/2023\/05\/Hash-Charas-25-CBD-CBG-CBN--600x600.jpg 600w, https:\/\/air-cbd.com\/wp-content\/uploads\/2023\/05\/Hash-Charas-25-CBD-CBG-CBN--100x100.jpg 100w\" sizes=\"(max-width: 300px) 100vw, 300px\" \/><\/div>\n\t\t\t\t\t<div class=\"wc-block-grid__product-title\">Hash Charas 25% CBD CBG CBN<\/div>\n\t\t\t\t<\/a>\n\t\t\t\t\n\t\t\t\t<div class=\"wc-block-grid__product-price price\"><\/div>\n\t\t\t\t\n\t\t\t\t<div class=\"wp-block-button wc-block-grid__product-add-to-cart\"><a href=\"https:\/\/air-cbd.com\/index.php\/product\/hash-charas-25-cbd-cbg-cbn\/\" aria-label=\"Read more about &ldquo;Hash Charas 25% CBD CBG CBN&rdquo;\" data-quantity=\"1\" data-product_id=\"292\" data-product_sku=\"\" rel=\"nofollow\" class=\"wp-block-button__link wp-element-button add_to_cart_button\">Read more<\/a><\/div>\n\t\t\t<\/li><li class=\"wc-block-grid__product\">\n\t\t\t\t<a href=\"https:\/\/air-cbd.com\/index.php\/product\/hash-safra-cbd-25-polyvalent\/\" class=\"wc-block-grid__product-link\">\n\t\t\t\t\t<div class=\"wc-block-grid__product-image\"><img width=\"300\" height=\"300\" src=\"https:\/\/air-cbd.com\/wp-content\/uploads\/2023\/05\/Hash-Safra-Air-CBD-25-300x300.jpg\" class=\"attachment-woocommerce_thumbnail size-woocommerce_thumbnail\" alt=\"Hash Safra CBD 25% Polyvalent\" decoding=\"async\" loading=\"lazy\" srcset=\"https:\/\/air-cbd.com\/wp-content\/uploads\/2023\/05\/Hash-Safra-Air-CBD-25-300x300.jpg 300w, https:\/\/air-cbd.com\/wp-content\/uploads\/2023\/05\/Hash-Safra-Air-CBD-25-150x150.jpg 150w, https:\/\/air-cbd.com\/wp-content\/uploads\/2023\/05\/Hash-Safra-Air-CBD-25-600x600.jpg 600w, https:\/\/air-cbd.com\/wp-content\/uploads\/2023\/05\/Hash-Safra-Air-CBD-25-100x100.jpg 100w\" sizes=\"(max-width: 300px) 100vw, 300px\" \/><\/div>\n\t\t\t\t\t<div class=\"wc-block-grid__product-title\">Hash Safra CBD 25% Polyvalent<\/div>\n\t\t\t\t<\/a>\n\t\t\t\t\n\t\t\t\t<div class=\"wc-block-grid__product-price price\"><\/div>\n\t\t\t\t\n\t\t\t\t<div class=\"wp-block-button wc-block-grid__product-add-to-cart\"><a href=\"https:\/\/air-cbd.com\/index.php\/product\/hash-safra-cbd-25-polyvalent\/\" aria-label=\"Read more about &ldquo;Hash Safra CBD 25% Polyvalent&rdquo;\" data-quantity=\"1\" data-product_id=\"286\" data-product_sku=\"\" rel=\"nofollow\" class=\"wp-block-button__link wp-element-button add_to_cart_button\">Read more<\/a><\/div>\n\t\t\t<\/li><li class=\"wc-block-grid__product\">\n\t\t\t\t<a href=\"https:\/\/air-cbd.com\/index.php\/product\/banana-kush-cbd-10\/\" class=\"wc-block-grid__product-link\">\n\t\t\t\t\t<div class=\"wc-block-grid__product-image\"><img width=\"300\" height=\"300\" src=\"https:\/\/air-cbd.com\/wp-content\/uploads\/2023\/05\/Hash-Banana-Kush-Air-CBD-10--300x300.jpg\" class=\"attachment-woocommerce_thumbnail size-woocommerce_thumbnail\" alt=\"Banana Kush  CBD 10%\" decoding=\"async\" loading=\"lazy\" srcset=\"https:\/\/air-cbd.com\/wp-content\/uploads\/2023\/05\/Hash-Banana-Kush-Air-CBD-10--300x300.jpg 300w, https:\/\/air-cbd.com\/wp-content\/uploads\/2023\/05\/Hash-Banana-Kush-Air-CBD-10--150x150.jpg 150w, https:\/\/air-cbd.com\/wp-content\/uploads\/2023\/05\/Hash-Banana-Kush-Air-CBD-10--600x600.jpg 600w, https:\/\/air-cbd.com\/wp-content\/uploads\/2023\/05\/Hash-Banana-Kush-Air-CBD-10--100x100.jpg 100w\" sizes=\"(max-width: 300px) 100vw, 300px\" \/><\/div>\n\t\t\t\t\t<div class=\"wc-block-grid__product-title\">Banana Kush  CBD 10%<\/div>\n\t\t\t\t<\/a>\n\t\t\t\t\n\t\t\t\t<div class=\"wc-block-grid__product-price price\"><\/div>\n\t\t\t\t\n\t\t\t\t<div class=\"wp-block-button wc-block-grid__product-add-to-cart\"><a href=\"https:\/\/air-cbd.com\/index.php\/product\/banana-kush-cbd-10\/\" aria-label=\"Select options for &ldquo;Banana Kush  CBD 10%&rdquo;\" data-quantity=\"1\" data-product_id=\"284\" data-product_sku=\"\" rel=\"nofollow\" class=\"wp-block-button__link wp-element-button add_to_cart_button\">Read more<\/a><\/div>\n\t\t\t<\/li><\/ul><\/div>","protected":false},"excerpt":{"rendered":"<p>Qu&#8217;est ce que la culture indoor de CBD? La culture en indoor, connue sous le nom&#8230;.. Les avantages L&#8217;un des avantages&#8230;. Un autre avantage &#8230; La culture ID qualit\u00e9 Nos Fleurs de CBD cultiv\u00e9es en indoor Nos R\u00e9sines de CBD issues de plantes cultiv\u00e9es en indoor<\/p>\n","protected":false},"author":1,"featured_media":0,"parent":0,"menu_order":0,"comment_status":"closed","ping_status":"closed","template":"","meta":[],"aioseo_notices":[],"_links":{"self":[{"href":"https:\/\/air-cbd.com\/index.php\/wp-json\/wp\/v2\/pages\/478"}],"collection":[{"href":"https:\/\/air-cbd.com\/index.php\/wp-json\/wp\/v2\/pages"}],"about":[{"href":"https:\/\/air-cbd.com\/index.php\/wp-json\/wp\/v2\/types\/page"}],"author":[{"embeddable":true,"href":"https:\/\/air-cbd.com\/index.php\/wp-json\/wp\/v2\/users\/1"}],"replies":[{"embeddable":true,"href":"https:\/\/air-cbd.com\/index.php\/wp-json\/wp\/v2\/comments?post=478"}],"version-history":[{"count":8,"href":"https:\/\/air-cbd.com\/index.php\/wp-json\/wp\/v2\/pages\/478\/revisions"}],"predecessor-version":[{"id":752,"href":"https:\/\/air-cbd.com\/index.php\/wp-json\/wp\/v2\/pages\/478\/revisions\/752"}],"wp:attachment":[{"href":"https:\/\/air-cbd.com\/index.php\/wp-json\/wp\/v2\/media?parent=478"}],"curies":[{"name":"wp","href":"https:\/\/api.w.org\/{rel}","templated":true}]}}