{"id":54,"date":"2023-04-05T23:40:50","date_gmt":"2023-04-05T21:40:50","guid":{"rendered":"https:\/\/air-cbd.com\/index.php\/precommande-fleur-de-cbd-strawberry-copy\/"},"modified":"2023-04-05T23:42:21","modified_gmt":"2023-04-05T21:42:21","slug":"precommande-fleur-de-cbd-amnesia","status":"publish","type":"page","link":"https:\/\/air-cbd.com\/index.php\/precommande-fleur-de-cbd-amnesia\/","title":{"rendered":"Pr\u00e9commande fleur de CBD Amnesia"},"content":{"rendered":"\n<p>Les infos que vous fournissez serviront \u00e0 revenir vers vous. Vous recevrez un e-mail d\u00e8s que le produit est disponible \u00e0 la <strong>livraison \u00e0 domicile<\/strong> (les donn\u00e9es que nous collectons ne sont ni commercialis\u00e9es ni \u00e9chang\u00e9es). <\/p>\n\n\n<div class=\"wp-block-jetpack-contact-form\"><a href=\"https:\/\/air-cbd.com\/index.php\/precommande-fleur-de-cbd-amnesia\/\" target=\"_blank\" rel=\"noopener noreferrer\">Submit a form.<\/a><\/div>","protected":false},"excerpt":{"rendered":"<p>Les infos que vous fournissez serviront \u00e0 revenir vers vous. Vous recevrez un e-mail d\u00e8s que le produit est disponible \u00e0 la livraison \u00e0 domicile (les donn\u00e9es que nous collectons ne sont ni commercialis\u00e9es ni \u00e9chang\u00e9es).<\/p>\n","protected":false},"author":1,"featured_media":0,"parent":0,"menu_order":0,"comment_status":"closed","ping_status":"closed","template":"","meta":[],"aioseo_notices":[],"_links":{"self":[{"href":"https:\/\/air-cbd.com\/index.php\/wp-json\/wp\/v2\/pages\/54"}],"collection":[{"href":"https:\/\/air-cbd.com\/index.php\/wp-json\/wp\/v2\/pages"}],"about":[{"href":"https:\/\/air-cbd.com\/index.php\/wp-json\/wp\/v2\/types\/page"}],"author":[{"embeddable":true,"href":"https:\/\/air-cbd.com\/index.php\/wp-json\/wp\/v2\/users\/1"}],"replies":[{"embeddable":true,"href":"https:\/\/air-cbd.com\/index.php\/wp-json\/wp\/v2\/comments?post=54"}],"version-history":[{"count":1,"href":"https:\/\/air-cbd.com\/index.php\/wp-json\/wp\/v2\/pages\/54\/revisions"}],"predecessor-version":[{"id":55,"href":"https:\/\/air-cbd.com\/index.php\/wp-json\/wp\/v2\/pages\/54\/revisions\/55"}],"wp:attachment":[{"href":"https:\/\/air-cbd.com\/index.php\/wp-json\/wp\/v2\/media?parent=54"}],"curies":[{"name":"wp","href":"https:\/\/api.w.org\/{rel}","templated":true}]}}