{"id":571,"date":"2023-06-23T18:52:30","date_gmt":"2023-06-23T16:52:30","guid":{"rendered":"https:\/\/air-cbd.com\/?page_id=571"},"modified":"2023-10-16T16:16:09","modified_gmt":"2023-10-16T14:16:09","slug":"livraison-de-cbd-dans-le-pays-de-gex","status":"publish","type":"page","link":"https:\/\/air-cbd.com\/index.php\/livraison-de-cbd-dans-le-pays-de-gex\/","title":{"rendered":"Livraison de CBD dans le Pays de Gex"},"content":{"rendered":"\n<h3 class=\"wp-block-heading has-text-align-center\">Fleurs et r\u00e9sines de CBD<\/h3>\n\n\n\n<p class=\"has-text-align-center\">Faites vous livrer votre <strong>CBD de qualit\u00e9 sup\u00e9rieure<\/strong> dans le Pays de <strong>Gex<\/strong>  , en Colissiomo (sous 72 heures) ou en &#8220;express&#8221; (entre 30 minutes et 2h00)<\/p>\n\n\n\n<p>Pour le <strong>Pays de Gex<\/strong>, nous proposons deux modes de <strong>livraison<\/strong>, en expresse (produits livr\u00e9s entre 30 minutes et 2 heures) ou en Colissimo (livr\u00e9 entre 48 et 72 heures). A noter que les colis que nous livrons disposent d&#8217;emballages discrets, sans aucune indication ext\u00e9rieure du contenu.<\/p>\n\n\n\n<p class=\"has-text-align-center\">Villes desservies par Air-CBD:  <\/p>\n\n\n\n<h2 class=\"wp-block-heading has-text-align-center\"><a href=\"https:\/\/air-cbd.com\/index.php\/vente-de-fleurs-et-resines-cbd-h4cbd\/\" title=\"\">Livraison CBD Ferney-Voltaire<\/a><\/h2>\n\n\n\n<h2 class=\"wp-block-heading has-text-align-center\"><a href=\"https:\/\/air-cbd.com\/index.php\/vente-de-fleurs-et-resines-cbd-h4cbd\/\" title=\"\">Livraison CBD Saint Genis Pouilly<\/a><\/h2>\n\n\n\n<h3 class=\"wp-block-heading has-text-align-center\"><a href=\"https:\/\/air-cbd.com\/index.php\/vente-de-fleurs-et-resines-cbd-h4cbd\/\" title=\"\">Livraison CBD Gex<\/a><\/h3>\n\n\n\n<h3 class=\"wp-block-heading has-text-align-center\"><a href=\"https:\/\/air-cbd.com\/index.php\/vente-de-fleurs-et-resines-cbd-h4cbd\/\" title=\"\">Livraison CBD Divonne les Bains<\/a><\/h3>\n\n\n\n<h3 class=\"wp-block-heading has-text-align-center\"><a href=\"https:\/\/air-cbd.com\/index.php\/vente-de-fleurs-et-resines-cbd-h4cbd\/\" title=\"\">Livraison CBD Ornex<\/a><\/h3>\n\n\n\n<h4 class=\"wp-block-heading has-text-align-center\"><a href=\"https:\/\/air-cbd.com\/index.php\/vente-de-fleurs-et-resines-cbd-h4cbd\/\" title=\"\">Livraison CBD Cessy<\/a><\/h4>\n\n\n\n<p>Les <strong>fleurs et r\u00e9sines de CBD<\/strong> que nous livrons sont issues de productions &#8220;<strong><a href=\"https:\/\/air-cbd.com\/index.php\/cbd-cultive-en-indoor-pour-une-qualite-optimale\/\" title=\"\">indoor<\/a><\/strong>&#8221; (en intrieur) pour garantir la qualit\u00e9 des produits que nous proposons sur <strong>Air CBD<\/strong>.<\/p>\n\n\n<div data-block-name=\"woocommerce\/handpicked-products\" data-columns=\"4\" data-products=\"[593,292,607,614,144,586]\" data-align-buttons=\"true\" class=\"wc-block-grid wp-block-handpicked-products wc-block-handpicked-products has-4-columns has-multiple-rows has-aligned-buttons\"><ul class=\"wc-block-grid__products\"><li class=\"wc-block-grid__product\">\n\t\t\t\t<a href=\"https:\/\/air-cbd.com\/index.php\/product\/fleur-cbd-moon-rock-indoor\/\" class=\"wc-block-grid__product-link\">\n\t\t\t\t\t<div class=\"wc-block-grid__product-image\"><img width=\"300\" height=\"300\" src=\"https:\/\/air-cbd.com\/wp-content\/uploads\/2023\/06\/moonrock-fleur-cbd-indoor-300x300.jpg\" class=\"attachment-woocommerce_thumbnail size-woocommerce_thumbnail\" alt=\"Moon Rock Indoor CBD 40%\" decoding=\"async\" loading=\"lazy\" srcset=\"https:\/\/air-cbd.com\/wp-content\/uploads\/2023\/06\/moonrock-fleur-cbd-indoor-300x300.jpg 300w, https:\/\/air-cbd.com\/wp-content\/uploads\/2023\/06\/moonrock-fleur-cbd-indoor-150x150.jpg 150w, https:\/\/air-cbd.com\/wp-content\/uploads\/2023\/06\/moonrock-fleur-cbd-indoor-100x100.jpg 100w, https:\/\/air-cbd.com\/wp-content\/uploads\/2023\/06\/moonrock-fleur-cbd-indoor.jpg 500w\" sizes=\"(max-width: 300px) 100vw, 300px\" \/><\/div>\n\t\t\t\t\t<div class=\"wc-block-grid__product-title\">Moon Rock Indoor CBD 40%<\/div>\n\t\t\t\t<\/a>\n\t\t\t\t\n\t\t\t\t<div class=\"wc-block-grid__product-price price\"><span class=\"woocommerce-Price-amount amount\"><span class=\"woocommerce-Price-currencySymbol\">&euro;<\/span>15.20<\/span> &ndash; <span class=\"woocommerce-Price-amount amount\"><span class=\"woocommerce-Price-currencySymbol\">&euro;<\/span>174.00<\/span><\/div>\n\t\t\t\t\n\t\t\t\t<div class=\"wp-block-button wc-block-grid__product-add-to-cart\"><a href=\"https:\/\/air-cbd.com\/index.php\/product\/fleur-cbd-moon-rock-indoor\/\" aria-label=\"Select options for &ldquo;Moon Rock Indoor CBD 40%&rdquo;\" data-quantity=\"1\" data-product_id=\"614\" data-product_sku=\"\" rel=\"nofollow\" class=\"wp-block-button__link wp-element-button add_to_cart_button\">Select options<\/a><\/div>\n\t\t\t<\/li><li class=\"wc-block-grid__product\">\n\t\t\t\t<a href=\"https:\/\/air-cbd.com\/index.php\/product\/fleur-cbd-ice-rock-indoor\/\" class=\"wc-block-grid__product-link\">\n\t\t\t\t\t<div class=\"wc-block-grid__product-image\"><img width=\"300\" height=\"300\" src=\"https:\/\/air-cbd.com\/wp-content\/uploads\/2023\/06\/icerock-cbd-90-suisse-300x300.jpg\" class=\"attachment-woocommerce_thumbnail size-woocommerce_thumbnail\" alt=\"Ice Rock Indoor CBD 90%\" decoding=\"async\" loading=\"lazy\" srcset=\"https:\/\/air-cbd.com\/wp-content\/uploads\/2023\/06\/icerock-cbd-90-suisse-300x300.jpg 300w, https:\/\/air-cbd.com\/wp-content\/uploads\/2023\/06\/icerock-cbd-90-suisse-150x150.jpg 150w, https:\/\/air-cbd.com\/wp-content\/uploads\/2023\/06\/icerock-cbd-90-suisse-100x100.jpg 100w, https:\/\/air-cbd.com\/wp-content\/uploads\/2023\/06\/icerock-cbd-90-suisse.jpg 500w\" sizes=\"(max-width: 300px) 100vw, 300px\" \/><\/div>\n\t\t\t\t\t<div class=\"wc-block-grid__product-title\">Ice Rock Indoor CBD 90%<\/div>\n\t\t\t\t<\/a>\n\t\t\t\t\n\t\t\t\t<div class=\"wc-block-grid__product-price price\"><span class=\"woocommerce-Price-amount amount\"><span class=\"woocommerce-Price-currencySymbol\">&euro;<\/span>17.20<\/span> &ndash; <span class=\"woocommerce-Price-amount amount\"><span class=\"woocommerce-Price-currencySymbol\">&euro;<\/span>190.00<\/span><\/div>\n\t\t\t\t\n\t\t\t\t<div class=\"wp-block-button wc-block-grid__product-add-to-cart\"><a href=\"https:\/\/air-cbd.com\/index.php\/product\/fleur-cbd-ice-rock-indoor\/\" aria-label=\"Select options for &ldquo;Ice Rock Indoor CBD 90%&rdquo;\" data-quantity=\"1\" data-product_id=\"607\" data-product_sku=\"\" rel=\"nofollow\" class=\"wp-block-button__link wp-element-button add_to_cart_button\">Select options<\/a><\/div>\n\t\t\t<\/li><li class=\"wc-block-grid__product\">\n\t\t\t\t<a href=\"https:\/\/air-cbd.com\/index.php\/product\/fleur-cbd-amnesia-queen-indoor\/\" class=\"wc-block-grid__product-link\">\n\t\t\t\t\t<div class=\"wc-block-grid__product-image\"><img width=\"300\" height=\"300\" src=\"https:\/\/air-cbd.com\/wp-content\/uploads\/2023\/06\/cbd-amnesia-indoor-300x300.jpg\" class=\"attachment-woocommerce_thumbnail size-woocommerce_thumbnail\" alt=\"Amnesia Queen Indoor CBD 10%\" decoding=\"async\" loading=\"lazy\" srcset=\"https:\/\/air-cbd.com\/wp-content\/uploads\/2023\/06\/cbd-amnesia-indoor-300x300.jpg 300w, https:\/\/air-cbd.com\/wp-content\/uploads\/2023\/06\/cbd-amnesia-indoor-150x150.jpg 150w, https:\/\/air-cbd.com\/wp-content\/uploads\/2023\/06\/cbd-amnesia-indoor-100x100.jpg 100w, https:\/\/air-cbd.com\/wp-content\/uploads\/2023\/06\/cbd-amnesia-indoor.jpg 500w\" sizes=\"(max-width: 300px) 100vw, 300px\" \/><\/div>\n\t\t\t\t\t<div class=\"wc-block-grid__product-title\">Amnesia Queen Indoor CBD 10%<\/div>\n\t\t\t\t<\/a>\n\t\t\t\t\n\t\t\t\t<div class=\"wc-block-grid__product-price price\"><span class=\"woocommerce-Price-amount amount\"><span class=\"woocommerce-Price-currencySymbol\">&euro;<\/span>14.20<\/span> &ndash; <span class=\"woocommerce-Price-amount amount\"><span class=\"woocommerce-Price-currencySymbol\">&euro;<\/span>165.00<\/span><\/div>\n\t\t\t\t\n\t\t\t\t<div class=\"wp-block-button wc-block-grid__product-add-to-cart\"><a href=\"https:\/\/air-cbd.com\/index.php\/product\/fleur-cbd-amnesia-queen-indoor\/\" aria-label=\"Select options for &ldquo;Amnesia Queen Indoor CBD 10%&rdquo;\" data-quantity=\"1\" data-product_id=\"593\" data-product_sku=\"\" rel=\"nofollow\" class=\"wp-block-button__link wp-element-button add_to_cart_button\">Select options<\/a><\/div>\n\t\t\t<\/li><li class=\"wc-block-grid__product\">\n\t\t\t\t<a href=\"https:\/\/air-cbd.com\/index.php\/product\/fleur-de-cbd-runtz-h4cbd\/\" class=\"wc-block-grid__product-link\">\n\t\t\t\t\t<div class=\"wc-block-grid__product-image\"><img width=\"300\" height=\"300\" src=\"https:\/\/air-cbd.com\/wp-content\/uploads\/2023\/06\/runtz-cbd-bio-300x300.jpg\" class=\"attachment-woocommerce_thumbnail size-woocommerce_thumbnail\" alt=\"Runtz  Indoor H4CBD 50%\" decoding=\"async\" loading=\"lazy\" srcset=\"https:\/\/air-cbd.com\/wp-content\/uploads\/2023\/06\/runtz-cbd-bio-300x300.jpg 300w, https:\/\/air-cbd.com\/wp-content\/uploads\/2023\/06\/runtz-cbd-bio-150x150.jpg 150w, https:\/\/air-cbd.com\/wp-content\/uploads\/2023\/06\/runtz-cbd-bio-100x100.jpg 100w, https:\/\/air-cbd.com\/wp-content\/uploads\/2023\/06\/runtz-cbd-bio.jpg 500w\" sizes=\"(max-width: 300px) 100vw, 300px\" \/><\/div>\n\t\t\t\t\t<div class=\"wc-block-grid__product-title\">Runtz  Indoor H4CBD 50%<\/div>\n\t\t\t\t<\/a>\n\t\t\t\t\n\t\t\t\t<div class=\"wc-block-grid__product-price price\"><span class=\"woocommerce-Price-amount amount\"><span class=\"woocommerce-Price-currencySymbol\">&euro;<\/span>13.50<\/span> &ndash; <span class=\"woocommerce-Price-amount amount\"><span class=\"woocommerce-Price-currencySymbol\">&euro;<\/span>156.00<\/span><\/div>\n\t\t\t\t\n\t\t\t\t<div class=\"wp-block-button wc-block-grid__product-add-to-cart\"><a href=\"https:\/\/air-cbd.com\/index.php\/product\/fleur-de-cbd-runtz-h4cbd\/\" aria-label=\"Select options for &ldquo;Runtz  Indoor H4CBD 50%&rdquo;\" data-quantity=\"1\" data-product_id=\"586\" data-product_sku=\"\" rel=\"nofollow\" class=\"wp-block-button__link wp-element-button add_to_cart_button\">Select options<\/a><\/div>\n\t\t\t<\/li><li class=\"wc-block-grid__product\">\n\t\t\t\t<a href=\"https:\/\/air-cbd.com\/index.php\/product\/hash-charas-25-cbd-cbg-cbn\/\" class=\"wc-block-grid__product-link\">\n\t\t\t\t\t<div class=\"wc-block-grid__product-image\"><img width=\"300\" height=\"300\" src=\"https:\/\/air-cbd.com\/wp-content\/uploads\/2023\/05\/Hash-Charas-25-CBD-CBG-CBN--300x300.jpg\" class=\"attachment-woocommerce_thumbnail size-woocommerce_thumbnail\" alt=\"Hash Charas 25% CBD CBG CBN\" decoding=\"async\" loading=\"lazy\" srcset=\"https:\/\/air-cbd.com\/wp-content\/uploads\/2023\/05\/Hash-Charas-25-CBD-CBG-CBN--300x300.jpg 300w, https:\/\/air-cbd.com\/wp-content\/uploads\/2023\/05\/Hash-Charas-25-CBD-CBG-CBN--150x150.jpg 150w, https:\/\/air-cbd.com\/wp-content\/uploads\/2023\/05\/Hash-Charas-25-CBD-CBG-CBN--600x600.jpg 600w, https:\/\/air-cbd.com\/wp-content\/uploads\/2023\/05\/Hash-Charas-25-CBD-CBG-CBN--100x100.jpg 100w\" sizes=\"(max-width: 300px) 100vw, 300px\" \/><\/div>\n\t\t\t\t\t<div class=\"wc-block-grid__product-title\">Hash Charas 25% CBD CBG CBN<\/div>\n\t\t\t\t<\/a>\n\t\t\t\t\n\t\t\t\t<div class=\"wc-block-grid__product-price price\"><\/div>\n\t\t\t\t\n\t\t\t\t<div class=\"wp-block-button wc-block-grid__product-add-to-cart\"><a href=\"https:\/\/air-cbd.com\/index.php\/product\/hash-charas-25-cbd-cbg-cbn\/\" aria-label=\"Read more about &ldquo;Hash Charas 25% CBD CBG CBN&rdquo;\" data-quantity=\"1\" data-product_id=\"292\" data-product_sku=\"\" rel=\"nofollow\" class=\"wp-block-button__link wp-element-button add_to_cart_button\">Read more<\/a><\/div>\n\t\t\t<\/li><li class=\"wc-block-grid__product\">\n\t\t\t\t<a href=\"https:\/\/air-cbd.com\/index.php\/product\/resine-de-cbd-3x-filtre-copy-2-copy\/\" class=\"wc-block-grid__product-link\">\n\t\t\t\t\t<div class=\"wc-block-grid__product-image\"><img width=\"300\" height=\"300\" src=\"https:\/\/air-cbd.com\/wp-content\/uploads\/2023\/05\/FLEUR-AIR-CBD-ZKITTLES-300x300.jpg\" class=\"attachment-woocommerce_thumbnail size-woocommerce_thumbnail\" alt=\"Zkittles Indoor CBD 9%\" decoding=\"async\" loading=\"lazy\" srcset=\"https:\/\/air-cbd.com\/wp-content\/uploads\/2023\/05\/FLEUR-AIR-CBD-ZKITTLES-300x300.jpg 300w, https:\/\/air-cbd.com\/wp-content\/uploads\/2023\/05\/FLEUR-AIR-CBD-ZKITTLES-150x150.jpg 150w, https:\/\/air-cbd.com\/wp-content\/uploads\/2023\/05\/FLEUR-AIR-CBD-ZKITTLES-100x100.jpg 100w\" sizes=\"(max-width: 300px) 100vw, 300px\" \/><\/div>\n\t\t\t\t\t<div class=\"wc-block-grid__product-title\">Zkittles Indoor CBD 9%<\/div>\n\t\t\t\t<\/a>\n\t\t\t\t\n\t\t\t\t<div class=\"wc-block-grid__product-price price\"><span class=\"woocommerce-Price-amount amount\"><span class=\"woocommerce-Price-currencySymbol\">&euro;<\/span>14.00<\/span> &ndash; <span class=\"woocommerce-Price-amount amount\"><span class=\"woocommerce-Price-currencySymbol\">&euro;<\/span>45.00<\/span><\/div>\n\t\t\t\t\n\t\t\t\t<div class=\"wp-block-button wc-block-grid__product-add-to-cart\"><a href=\"https:\/\/air-cbd.com\/index.php\/product\/resine-de-cbd-3x-filtre-copy-2-copy\/\" aria-label=\"Select options for &ldquo;Zkittles Indoor CBD 9%&rdquo;\" data-quantity=\"1\" data-product_id=\"144\" data-product_sku=\"\" rel=\"nofollow\" class=\"wp-block-button__link wp-element-button add_to_cart_button\">Select options<\/a><\/div>\n\t\t\t<\/li><\/ul><\/div>","protected":false},"excerpt":{"rendered":"<p>Fleurs et r\u00e9sines de CBD Faites vous livrer votre CBD de qualit\u00e9 sup\u00e9rieure dans le Pays de Gex , en Colissiomo (sous 72 heures) ou en &#8220;express&#8221; (entre 30 minutes et 2h00) Pour le Pays de Gex, nous proposons deux modes de livraison, en expresse (produits livr\u00e9s entre 30 minutes et 2 heures) ou en [&hellip;]<\/p>\n","protected":false},"author":1,"featured_media":0,"parent":0,"menu_order":0,"comment_status":"closed","ping_status":"closed","template":"","meta":[],"aioseo_notices":[],"_links":{"self":[{"href":"https:\/\/air-cbd.com\/index.php\/wp-json\/wp\/v2\/pages\/571"}],"collection":[{"href":"https:\/\/air-cbd.com\/index.php\/wp-json\/wp\/v2\/pages"}],"about":[{"href":"https:\/\/air-cbd.com\/index.php\/wp-json\/wp\/v2\/types\/page"}],"author":[{"embeddable":true,"href":"https:\/\/air-cbd.com\/index.php\/wp-json\/wp\/v2\/users\/1"}],"replies":[{"embeddable":true,"href":"https:\/\/air-cbd.com\/index.php\/wp-json\/wp\/v2\/comments?post=571"}],"version-history":[{"count":12,"href":"https:\/\/air-cbd.com\/index.php\/wp-json\/wp\/v2\/pages\/571\/revisions"}],"predecessor-version":[{"id":733,"href":"https:\/\/air-cbd.com\/index.php\/wp-json\/wp\/v2\/pages\/571\/revisions\/733"}],"wp:attachment":[{"href":"https:\/\/air-cbd.com\/index.php\/wp-json\/wp\/v2\/media?parent=571"}],"curies":[{"name":"wp","href":"https:\/\/api.w.org\/{rel}","templated":true}]}}