{"id":66,"date":"2023-04-11T21:03:06","date_gmt":"2023-04-11T19:03:06","guid":{"rendered":"https:\/\/air-cbd.com\/?page_id=66"},"modified":"2023-10-29T02:28:19","modified_gmt":"2023-10-29T01:28:19","slug":"cbd-livraison-a-domicile","status":"publish","type":"page","link":"https:\/\/air-cbd.com\/index.php\/cbd-livraison-a-domicile\/","title":{"rendered":"CBD &#8211; H4CBD"},"content":{"rendered":"\n<p><strong>Air CBD<\/strong> livre partout en France du <strong>CBD de qualit\u00e9<\/strong> issu de productions <strong>suisses<\/strong>.<\/p>\n\n\n\n<div class=\"wp-block-columns is-layout-flex wp-container-3\">\n<div class=\"wp-block-column is-layout-flow\" style=\"flex-basis:350px\">\n<figure class=\"wp-block-image size-full\"><img decoding=\"async\" loading=\"lazy\" width=\"505\" height=\"493\" src=\"https:\/\/air-cbd.com\/wp-content\/uploads\/2023\/06\/livraison-cbd-france.jpg\" alt=\"\" class=\"wp-image-553\" srcset=\"https:\/\/air-cbd.com\/wp-content\/uploads\/2023\/06\/livraison-cbd-france.jpg 505w, https:\/\/air-cbd.com\/wp-content\/uploads\/2023\/06\/livraison-cbd-france-300x293.jpg 300w\" sizes=\"(max-width: 505px) 100vw, 505px\" \/><\/figure>\n<\/div>\n\n\n\n<div class=\"wp-block-column is-layout-flow\">\n<p><\/p>\n\n\n\n<p><\/p>\n<\/div>\n<\/div>\n\n\n\n<div style=\"height:35px\" aria-hidden=\"true\" class=\"wp-block-spacer\"><\/div>\n\n\n\n<p>Nos partenaires:<\/p>\n\n\n\n<p><strong>Colissimo<\/strong> permet de recevoir vos produits sous un d\u00e9lais de 48 \u00e0 72 heures. Selon votre adresse nous vous proposons \u00e9galement la <strong>livraison<\/strong> en &#8220;<strong>express<\/strong>&#8221; entre 30 minutes et 2 heures.<\/p>\n\n\n\n<div style=\"height:25px\" aria-hidden=\"true\" class=\"wp-block-spacer\"><\/div>\n\n\n\n<h3 class=\"wp-block-heading\">Livraison de CBD \u00e0 Nice<\/h3>\n\n\n\n<h3 class=\"wp-block-heading\"><\/h3>\n\n\n\n<h4 class=\"wp-block-heading\"><\/h4>\n\n\n\n<div class=\"wp-block-buttons is-layout-flex\">\n<div class=\"wp-block-button\"><a class=\"wp-block-button__link has-black-color has-text-color has-background wp-element-button\" href=\"https:\/\/air-cbd.com\/index.php\/livraison-de-cbd-a-domicile-partout-en-france\/\" style=\"background-color:#ffd700\">Voir toutes les villes.<\/a><\/div>\n<\/div>\n","protected":false},"excerpt":{"rendered":"<p>Air CBD livre partout en France du CBD de qualit\u00e9 issu de productions suisses. Nos partenaires: Colissimo permet de recevoir vos produits sous un d\u00e9lais de 48 \u00e0 72 heures. Selon votre adresse nous vous proposons \u00e9galement la livraison en &#8220;express&#8221; entre 30 minutes et 2 heures. Livraison de CBD \u00e0 Nice<\/p>\n","protected":false},"author":1,"featured_media":0,"parent":0,"menu_order":0,"comment_status":"closed","ping_status":"closed","template":"","meta":[],"aioseo_notices":[],"_links":{"self":[{"href":"https:\/\/air-cbd.com\/index.php\/wp-json\/wp\/v2\/pages\/66"}],"collection":[{"href":"https:\/\/air-cbd.com\/index.php\/wp-json\/wp\/v2\/pages"}],"about":[{"href":"https:\/\/air-cbd.com\/index.php\/wp-json\/wp\/v2\/types\/page"}],"author":[{"embeddable":true,"href":"https:\/\/air-cbd.com\/index.php\/wp-json\/wp\/v2\/users\/1"}],"replies":[{"embeddable":true,"href":"https:\/\/air-cbd.com\/index.php\/wp-json\/wp\/v2\/comments?post=66"}],"version-history":[{"count":13,"href":"https:\/\/air-cbd.com\/index.php\/wp-json\/wp\/v2\/pages\/66\/revisions"}],"predecessor-version":[{"id":748,"href":"https:\/\/air-cbd.com\/index.php\/wp-json\/wp\/v2\/pages\/66\/revisions\/748"}],"wp:attachment":[{"href":"https:\/\/air-cbd.com\/index.php\/wp-json\/wp\/v2\/media?parent=66"}],"curies":[{"name":"wp","href":"https:\/\/api.w.org\/{rel}","templated":true}]}}