{"id":9,"date":"2023-06-12T14:17:51","date_gmt":"2023-06-12T12:17:51","guid":{"rendered":"http:\/\/air-cbd.com\/?page_id=9"},"modified":"2023-06-12T14:17:52","modified_gmt":"2023-06-12T12:17:52","slug":"refund_returns","status":"publish","type":"page","link":"https:\/\/air-cbd.com\/index.php\/refund_returns\/","title":{"rendered":"Conditions g\u00e9n\u00e9rales de vente"},"content":{"rendered":"\n<h1 class=\"wp-block-heading\"><\/h1>\n\n\n\n<p>1 &#8211; Conclusion du contrat Toute commande de produits implique l&#8217;adh\u00e9sion sans r\u00e9serve aux pr\u00e9sentes conditions g\u00e9n\u00e9rales de vente.<\/p>\n\n\n\n<p>2 &#8211; Prix Les marchandises sont factur\u00e9es au tarif en vigueur au jour de la passation de la commande.<\/p>\n\n\n\n<p>3 &#8211; Livraison La livraison est effectu\u00e9e par d\u00e9livrance \u00e0 un exp\u00e9diteur ou \u00e0 un transporteur tierce. La v\u00e9rification des marchandises par l&#8217;acheteur doit \u00eatre effectu\u00e9e au moment de leur prise en charge. En cas d&#8217;avarie ou de manquant, de r\u00e9clamations sur les vices apparents ou sur la non-conformit\u00e9 du produit livr\u00e9, l&#8217;acheteur \u00e9mettra des r\u00e9serves claires et pr\u00e9cises qu&#8217;il notifiera dans un d\u00e9lai de 48 heures, suivant la date de livraison par \u00e9crit aupr\u00e8s du vendeur ou du transporteur. Il appartiendra \u00e0 l&#8217;acheteur de fournir toute justification quant \u00e0 la r\u00e9alit\u00e9 des anomalies constat\u00e9es.<\/p>\n\n\n\n<p>4 &#8211; D\u00e9lais de livraison Sauf cas de force majeure (guerre, \u00e9meute, incendie, gr\u00e8ve totale ou partielle.), en cas de retard de livraison d&#8217;une dur\u00e9e sup\u00e9rieure \u00e0 deux semaines apr\u00e8s la date indicative de livraison, l&#8217;acheteur aura l&#8217;option d&#8217;annuler sa commande, sans pouvoir pr\u00e9tendre \u00e0 quelque indemnit\u00e9 que ce soit.<\/p>\n\n\n\n<p>5 &#8211; Retours Tout retour de produit doit faire l&#8217;objet d&#8217;un accord formel entre le vendeur et l&#8217;acqu\u00e9reur.<\/p>\n\n\n\n<p>6 -Garantie Le vendeur apportera le plus grand soin \u00e0 l&#8217;ex\u00e9cution de la commande et \u00e0 la qualit\u00e9 des produits.<\/p>\n","protected":false},"excerpt":{"rendered":"<p>1 &#8211; Conclusion du contrat Toute commande de produits implique l&#8217;adh\u00e9sion sans r\u00e9serve aux pr\u00e9sentes conditions g\u00e9n\u00e9rales de vente. 2 &#8211; Prix Les marchandises sont factur\u00e9es au tarif en vigueur au jour de la passation de la commande. 3 &#8211; Livraison La livraison est effectu\u00e9e par d\u00e9livrance \u00e0 un exp\u00e9diteur ou \u00e0 un transporteur tierce. [&hellip;]<\/p>\n","protected":false},"author":1,"featured_media":0,"parent":0,"menu_order":0,"comment_status":"closed","ping_status":"closed","template":"","meta":[],"aioseo_notices":[],"_links":{"self":[{"href":"https:\/\/air-cbd.com\/index.php\/wp-json\/wp\/v2\/pages\/9"}],"collection":[{"href":"https:\/\/air-cbd.com\/index.php\/wp-json\/wp\/v2\/pages"}],"about":[{"href":"https:\/\/air-cbd.com\/index.php\/wp-json\/wp\/v2\/types\/page"}],"author":[{"embeddable":true,"href":"https:\/\/air-cbd.com\/index.php\/wp-json\/wp\/v2\/users\/1"}],"replies":[{"embeddable":true,"href":"https:\/\/air-cbd.com\/index.php\/wp-json\/wp\/v2\/comments?post=9"}],"version-history":[{"count":1,"href":"https:\/\/air-cbd.com\/index.php\/wp-json\/wp\/v2\/pages\/9\/revisions"}],"predecessor-version":[{"id":456,"href":"https:\/\/air-cbd.com\/index.php\/wp-json\/wp\/v2\/pages\/9\/revisions\/456"}],"wp:attachment":[{"href":"https:\/\/air-cbd.com\/index.php\/wp-json\/wp\/v2\/media?parent=9"}],"curies":[{"name":"wp","href":"https:\/\/api.w.org\/{rel}","templated":true}]}}