{"id":113,"date":"2023-05-04T01:56:03","date_gmt":"2023-05-03T23:56:03","guid":{"rendered":"https:\/\/air-cbd.com\/?post_type=product&#038;p=113"},"modified":"2023-05-30T15:35:30","modified_gmt":"2023-05-30T13:35:30","slug":"resine-de-cbd-argan-charas","status":"publish","type":"product","link":"https:\/\/air-cbd.com\/index.php\/product\/resine-de-cbd-argan-charas\/","title":{"rendered":"White Widow CBD 9%"},"content":{"rendered":"<p>La White Widow\u00a0 est\u00a0 une fleur incontournable des vari\u00e9t\u00e9 de CBD. Sa souche de cannabis cr\u00e9\u00e9e en Australie.\u00a0 Elle est reconnue pour sa grande quantit\u00e9 de trichomes blancs et sa grande qualit\u00e9 gustative.\u00a0 Ses bud g\u00e9n\u00e9reuse vous s\u00e9duirons \u00e0\u00a0 coup sur .\u00a0 La white widow est consid\u00e9r\u00e9e comme un hybride entre une Sativa Br\u00e9silienne et une Indica d&#8217;Inde<\/p>\n","protected":false},"excerpt":{"rendered":"<p>Fleur mythique<\/p>\n","protected":false},"featured_media":272,"comment_status":"open","ping_status":"closed","template":"","meta":[],"product_cat":[18,26],"product_tag":[],"aioseo_notices":[],"_links":{"self":[{"href":"https:\/\/air-cbd.com\/index.php\/wp-json\/wp\/v2\/product\/113"}],"collection":[{"href":"https:\/\/air-cbd.com\/index.php\/wp-json\/wp\/v2\/product"}],"about":[{"href":"https:\/\/air-cbd.com\/index.php\/wp-json\/wp\/v2\/types\/product"}],"replies":[{"embeddable":true,"href":"https:\/\/air-cbd.com\/index.php\/wp-json\/wp\/v2\/comments?post=113"}],"wp:featuredmedia":[{"embeddable":true,"href":"https:\/\/air-cbd.com\/index.php\/wp-json\/wp\/v2\/media\/272"}],"wp:attachment":[{"href":"https:\/\/air-cbd.com\/index.php\/wp-json\/wp\/v2\/media?parent=113"}],"wp:term":[{"taxonomy":"product_cat","embeddable":true,"href":"https:\/\/air-cbd.com\/index.php\/wp-json\/wp\/v2\/product_cat?post=113"},{"taxonomy":"product_tag","embeddable":true,"href":"https:\/\/air-cbd.com\/index.php\/wp-json\/wp\/v2\/product_tag?post=113"}],"curies":[{"name":"wp","href":"https:\/\/api.w.org\/{rel}","templated":true}]}}