{"id":141,"date":"2023-05-07T00:30:29","date_gmt":"2023-05-06T22:30:29","guid":{"rendered":"https:\/\/air-cbd.com\/index.php\/product\/resine-de-cbd-3x-filtre-copy-2\/"},"modified":"2023-05-30T15:46:42","modified_gmt":"2023-05-30T13:46:42","slug":"fleur-de-cbd-jack-herer","status":"publish","type":"product","link":"https:\/\/air-cbd.com\/index.php\/product\/fleur-de-cbd-jack-herer\/","title":{"rendered":"Jack Herer Indoor CBD 7%"},"content":{"rendered":"<p>saveur sucr\u00e9e avec des notes d\u2019agrumes citronn\u00e9es,\u00a0 l\u00e9ger arome\u00a0 de cannelle.\u00a0 puissante et exquise en bouche.<\/p>\n<p>C\u2019est une vari\u00e9t\u00e9 de <strong>fleur<\/strong> que <strong>Air CBD<\/strong> , recommande aux personnes qui recherchent le bien \u00eatre avec un effet apaisant, att\u00e9nue le stress, l\u2019anxi\u00e9t\u00e9 et la d\u00e9pression.<\/p>\n<p>La fleur JACK HERRER poss\u00e8de diverses vertus th\u00e9rapeutiques, \u00e0 savoir, elle att\u00e9nue les douleurs chroniques et n\u00e9vralgiques<\/p>\n","protected":false},"excerpt":{"rendered":"<h3><a href=\"https:\/\/air-cbd.com\/index.php\/cbd-suisse\/\" target=\"_blank\" rel=\"noopener\">Fleur de CBD Suisse<\/a><\/h3>\n<p><strong>Air CBD<\/strong> propose <strong>des fleurs de CBD de qualit\u00e9 sup\u00e9rieur<\/strong> issues de <strong>productions Suisses<\/strong>.<\/p>\n","protected":false},"featured_media":276,"comment_status":"open","ping_status":"closed","template":"","meta":[],"product_cat":[18,26],"product_tag":[],"aioseo_notices":[],"_links":{"self":[{"href":"https:\/\/air-cbd.com\/index.php\/wp-json\/wp\/v2\/product\/141"}],"collection":[{"href":"https:\/\/air-cbd.com\/index.php\/wp-json\/wp\/v2\/product"}],"about":[{"href":"https:\/\/air-cbd.com\/index.php\/wp-json\/wp\/v2\/types\/product"}],"replies":[{"embeddable":true,"href":"https:\/\/air-cbd.com\/index.php\/wp-json\/wp\/v2\/comments?post=141"}],"wp:featuredmedia":[{"embeddable":true,"href":"https:\/\/air-cbd.com\/index.php\/wp-json\/wp\/v2\/media\/276"}],"wp:attachment":[{"href":"https:\/\/air-cbd.com\/index.php\/wp-json\/wp\/v2\/media?parent=141"}],"wp:term":[{"taxonomy":"product_cat","embeddable":true,"href":"https:\/\/air-cbd.com\/index.php\/wp-json\/wp\/v2\/product_cat?post=141"},{"taxonomy":"product_tag","embeddable":true,"href":"https:\/\/air-cbd.com\/index.php\/wp-json\/wp\/v2\/product_tag?post=141"}],"curies":[{"name":"wp","href":"https:\/\/api.w.org\/{rel}","templated":true}]}}