{"id":144,"date":"2023-05-07T00:34:44","date_gmt":"2023-05-06T22:34:44","guid":{"rendered":"https:\/\/air-cbd.com\/?post_type=product&#038;p=144"},"modified":"2023-06-23T14:32:10","modified_gmt":"2023-06-23T12:32:10","slug":"resine-de-cbd-3x-filtre-copy-2-copy","status":"publish","type":"product","link":"https:\/\/air-cbd.com\/index.php\/product\/resine-de-cbd-3x-filtre-copy-2-copy\/","title":{"rendered":"Zkittles Indoor CBD 9%"},"content":{"rendered":"<h3><a title=\"Fleur CBD suisse\" href=\"https:\/\/air-cbd.com\/index.php\/cbd-suisse\/\" target=\"_blank\" rel=\"noopener\">Fleur de CBD Suisse<\/a><\/h3>\n<p>Une avalanche de saveurs fruit\u00e9es et sucr\u00e9es se\u00a0fait ressentir d\u00e8s la premi\u00e8re bouff\u00e9e, tout simplement exquis ! Des ar\u00f4mes de baies et de fruits tropicaux sirupeux de premier plan laissent ensuite place \u00e0 un versant plus acidul\u00e9\u00a0et plus durable\u00a0d&#8217;effluves d&#8217;agrumes de citron, de citron vert, d&#8217;orange et de pamplemousse.<\/p>\n<div>Class\u00e9e premi\u00e8re pour la meilleure Indica aux Cannabis Cups 2015 \u00e0 San Francisco et au Michigan.<\/div>\n<div>La <strong>ZKittles<\/strong> est aussi s\u00e9duisante que son go\u00fbt, bien qu\u2019il soit de nature relativement douce.<\/div>\n<div><\/div>\n<div>Les effets de la vari\u00e9t\u00e9 originale commencent par un bourdonnement de t\u00eate \u00e9difiant qui vous laisse euphorique et inspir\u00e9 de mani\u00e8re cr\u00e9ative, mais pas anxieux ou d\u00e9pass\u00e9.. Un l\u00e9ger effet de somnolence vous envahira lors de la descente, m\u00eame si cela ne vous endormira pas. <strong>Air CBD<\/strong> vous conseille la <strong>ZKittles<\/strong>\u00a0 , le choix id\u00e9al pour traiter les patients souffrant de maladies telles que l\u2019insomnie, la douleur chronique, les cas l\u00e9gers de d\u00e9pression, le stress chronique ou l\u2019anxi\u00e9t\u00e9 et l\u2019inflammation.<\/div>\n<div><\/div>\n<div>Ce bourgeon est vert olive fonc\u00e9 avec des poils ambr\u00e9s riches et clairsem\u00e9s et une \u00e9paisse couche givr\u00e9e de minuscules trichomes blancs cristallin .<\/div>\n","protected":false},"excerpt":{"rendered":"<p>A travers le gamme Swiss premium quality<strong>, Air CBD<\/strong> propose <strong>des fleurs de CBD de qualit\u00e9 sup\u00e9rieure<\/strong> issues de <strong>productions Suisses <\/strong>en<a title=\"CBD cultiv\u00e9 en indoor pour une qualit\u00e9 optimale\" href=\"https:\/\/air-cbd.com\/index.php\/cbd-cultive-en-indoor-pour-une-qualite-optimale\/\" target=\"_blank\" rel=\"noopener\"><strong> Indoor<\/strong><\/a>.<\/p>\n<p>Parfum\u00e9e, fruit\u00e9e et sucr\u00e9e, douce et d\u00e9licate .<\/p>\n<div><\/div>\n","protected":false},"featured_media":273,"comment_status":"open","ping_status":"closed","template":"","meta":[],"product_cat":[18,26],"product_tag":[],"aioseo_notices":[],"_links":{"self":[{"href":"https:\/\/air-cbd.com\/index.php\/wp-json\/wp\/v2\/product\/144"}],"collection":[{"href":"https:\/\/air-cbd.com\/index.php\/wp-json\/wp\/v2\/product"}],"about":[{"href":"https:\/\/air-cbd.com\/index.php\/wp-json\/wp\/v2\/types\/product"}],"replies":[{"embeddable":true,"href":"https:\/\/air-cbd.com\/index.php\/wp-json\/wp\/v2\/comments?post=144"}],"wp:featuredmedia":[{"embeddable":true,"href":"https:\/\/air-cbd.com\/index.php\/wp-json\/wp\/v2\/media\/273"}],"wp:attachment":[{"href":"https:\/\/air-cbd.com\/index.php\/wp-json\/wp\/v2\/media?parent=144"}],"wp:term":[{"taxonomy":"product_cat","embeddable":true,"href":"https:\/\/air-cbd.com\/index.php\/wp-json\/wp\/v2\/product_cat?post=144"},{"taxonomy":"product_tag","embeddable":true,"href":"https:\/\/air-cbd.com\/index.php\/wp-json\/wp\/v2\/product_tag?post=144"}],"curies":[{"name":"wp","href":"https:\/\/api.w.org\/{rel}","templated":true}]}}