{"id":146,"date":"2023-05-07T01:57:00","date_gmt":"2023-05-06T23:57:00","guid":{"rendered":"https:\/\/air-cbd.com\/?post_type=product&#038;p=146"},"modified":"2023-06-24T14:15:38","modified_gmt":"2023-06-24T12:15:38","slug":"fleur-cbd-lemon-haze","status":"publish","type":"product","link":"https:\/\/air-cbd.com\/index.php\/product\/fleur-cbd-lemon-haze\/","title":{"rendered":"Lemon Haze Indoor CBD 8%"},"content":{"rendered":"<h3><a title=\"Fleur CBD suisse\" href=\"https:\/\/air-cbd.com\/index.php\/cbd-suisse\/\" target=\"_blank\" rel=\"noopener\">Fleur de CBD Suisse<\/a><\/h3>\n<p style=\"font-weight: 400;\">A ceux qui r\u00eave d&#8217;aventure , la <strong>Lemon<\/strong> a \u00e9t\u00e9 cr\u00e9e pour vous! la puissance du citron parle .<\/p>\n<p style=\"font-style: inherit;\"><span style=\"font-style: inherit; font-weight: inherit;\">D\u00e9couvrez les <strong>fleurs de CBD Lemon Haze<\/strong>, la vari\u00e9t\u00e9 <strong>Sativa<\/strong> la plus relaxante du cannabis l\u00e9gal produite en <strong>Indoor<\/strong> : d\u00e9tente et \u00e9nergisante a la fois.<\/span><\/p>\n<h3><\/h3>\n","protected":false},"excerpt":{"rendered":"<p>A travers le gamme <a title=\"CBD Suisse\" href=\"https:\/\/air-cbd.com\/index.php\/cbd-suisse\/\" target=\"_blank\" rel=\"noopener\">Swiss premium quality<\/a><strong>, Air CBD<\/strong> propose <strong>des fleurs de CBD de qualit\u00e9 sup\u00e9rieure<\/strong> issues de <strong>productions Suisses<\/strong>. Pour assurer une qualit\u00e9 optimale les Fleur sont bios et cultiv\u00e9es en &#8220;<a title=\"CBD cultiv\u00e9 en indoor pour une qualit\u00e9 optimale\" href=\"https:\/\/air-cbd.com\/index.php\/cbd-cultive-en-indoor-pour-une-qualite-optimale\/\" target=\"_blank\" rel=\"noopener\">indoor<\/a>&#8220;<\/p>\n","protected":false},"featured_media":274,"comment_status":"open","ping_status":"closed","template":"","meta":[],"product_cat":[18,26],"product_tag":[],"aioseo_notices":[],"_links":{"self":[{"href":"https:\/\/air-cbd.com\/index.php\/wp-json\/wp\/v2\/product\/146"}],"collection":[{"href":"https:\/\/air-cbd.com\/index.php\/wp-json\/wp\/v2\/product"}],"about":[{"href":"https:\/\/air-cbd.com\/index.php\/wp-json\/wp\/v2\/types\/product"}],"replies":[{"embeddable":true,"href":"https:\/\/air-cbd.com\/index.php\/wp-json\/wp\/v2\/comments?post=146"}],"wp:featuredmedia":[{"embeddable":true,"href":"https:\/\/air-cbd.com\/index.php\/wp-json\/wp\/v2\/media\/274"}],"wp:attachment":[{"href":"https:\/\/air-cbd.com\/index.php\/wp-json\/wp\/v2\/media?parent=146"}],"wp:term":[{"taxonomy":"product_cat","embeddable":true,"href":"https:\/\/air-cbd.com\/index.php\/wp-json\/wp\/v2\/product_cat?post=146"},{"taxonomy":"product_tag","embeddable":true,"href":"https:\/\/air-cbd.com\/index.php\/wp-json\/wp\/v2\/product_tag?post=146"}],"curies":[{"name":"wp","href":"https:\/\/api.w.org\/{rel}","templated":true}]}}