{"id":284,"date":"2023-05-28T23:04:29","date_gmt":"2023-05-28T21:04:29","guid":{"rendered":"https:\/\/air-cbd.com\/?post_type=product&#038;p=284"},"modified":"2023-05-30T15:34:30","modified_gmt":"2023-05-30T13:34:30","slug":"banana-kush-cbd-10","status":"publish","type":"product","link":"https:\/\/air-cbd.com\/index.php\/product\/banana-kush-cbd-10\/","title":{"rendered":"Banana Kush  CBD 10%"},"content":{"rendered":"<p>Texture agr\u00e9able et un bel aspect, ni trop sec ni trop humide, notes de r\u00e9sines et fruits.<\/p>\n<p>La r\u00e9sine Banana kush 10% pr\u00e9sente une texture agr\u00e9able et un bel aspect, elle ni trop s\u00e8che ni trop humide, ses notes de banane sont tr\u00e8s agr\u00e9ables.<\/p>\n","protected":false},"excerpt":{"rendered":"<p>Texture agr\u00e9able et un bel aspect, ni trop sec ni trop humide, notes de r\u00e9sines et fruits. La r\u00e9sine Banana kush 10% pr\u00e9sente une texture agr\u00e9able et un bel aspect, elle ni trop s\u00e8che ni trop humide, ses notes de banane sont tr\u00e8s agr\u00e9ables.<\/p>\n","protected":false},"featured_media":285,"comment_status":"open","ping_status":"closed","template":"","meta":[],"product_cat":[17,26],"product_tag":[],"aioseo_notices":[],"_links":{"self":[{"href":"https:\/\/air-cbd.com\/index.php\/wp-json\/wp\/v2\/product\/284"}],"collection":[{"href":"https:\/\/air-cbd.com\/index.php\/wp-json\/wp\/v2\/product"}],"about":[{"href":"https:\/\/air-cbd.com\/index.php\/wp-json\/wp\/v2\/types\/product"}],"replies":[{"embeddable":true,"href":"https:\/\/air-cbd.com\/index.php\/wp-json\/wp\/v2\/comments?post=284"}],"wp:featuredmedia":[{"embeddable":true,"href":"https:\/\/air-cbd.com\/index.php\/wp-json\/wp\/v2\/media\/285"}],"wp:attachment":[{"href":"https:\/\/air-cbd.com\/index.php\/wp-json\/wp\/v2\/media?parent=284"}],"wp:term":[{"taxonomy":"product_cat","embeddable":true,"href":"https:\/\/air-cbd.com\/index.php\/wp-json\/wp\/v2\/product_cat?post=284"},{"taxonomy":"product_tag","embeddable":true,"href":"https:\/\/air-cbd.com\/index.php\/wp-json\/wp\/v2\/product_tag?post=284"}],"curies":[{"name":"wp","href":"https:\/\/api.w.org\/{rel}","templated":true}]}}