{"id":288,"date":"2023-05-28T23:33:09","date_gmt":"2023-05-28T21:33:09","guid":{"rendered":"https:\/\/air-cbd.com\/?post_type=product&#038;p=288"},"modified":"2023-05-30T17:22:50","modified_gmt":"2023-05-30T15:22:50","slug":"sunrock-cbd-80","status":"publish","type":"product","link":"https:\/\/air-cbd.com\/index.php\/product\/sunrock-cbd-80\/","title":{"rendered":"SunRock CBD 80%"},"content":{"rendered":"<p>explosion de saveur en bouche , le soleil dans la paume de votre main !<br \/>\npour les amateurs de sensation forte ,<br \/>\nla puissance du cbd dans toute sa splendeur !<br \/>\ntest\u00e9 et approuv\u00e9 par Air CBD<br \/>\npr\u00e9paration artisanal de haute qualit\u00e9<br \/>\npour les amateurs de sensation forte !<\/p>\n","protected":false},"excerpt":{"rendered":"<p>Fleur indoor enrob\u00e9e d\u2019extrait de chanvre et de CBD pur.<\/p>\n<p>c\u0153ur fruit\u00e9\u00a0 et \u00e9pic\u00e9 , Au nez, notre Sun Rock d\u00e9gage des notes de fruits exotiques et de pin absolument d\u00e9licieuses. Son effet est tr\u00e8s relaxant et apporte un bien \u00eatre profond. Les fleurs sont de taille moyenne \u00e0 petite et son relativement compactes.<\/p>\n","protected":false},"featured_media":282,"comment_status":"open","ping_status":"closed","template":"","meta":[],"product_cat":[26],"product_tag":[],"aioseo_notices":[],"_links":{"self":[{"href":"https:\/\/air-cbd.com\/index.php\/wp-json\/wp\/v2\/product\/288"}],"collection":[{"href":"https:\/\/air-cbd.com\/index.php\/wp-json\/wp\/v2\/product"}],"about":[{"href":"https:\/\/air-cbd.com\/index.php\/wp-json\/wp\/v2\/types\/product"}],"replies":[{"embeddable":true,"href":"https:\/\/air-cbd.com\/index.php\/wp-json\/wp\/v2\/comments?post=288"}],"wp:featuredmedia":[{"embeddable":true,"href":"https:\/\/air-cbd.com\/index.php\/wp-json\/wp\/v2\/media\/282"}],"wp:attachment":[{"href":"https:\/\/air-cbd.com\/index.php\/wp-json\/wp\/v2\/media?parent=288"}],"wp:term":[{"taxonomy":"product_cat","embeddable":true,"href":"https:\/\/air-cbd.com\/index.php\/wp-json\/wp\/v2\/product_cat?post=288"},{"taxonomy":"product_tag","embeddable":true,"href":"https:\/\/air-cbd.com\/index.php\/wp-json\/wp\/v2\/product_tag?post=288"}],"curies":[{"name":"wp","href":"https:\/\/api.w.org\/{rel}","templated":true}]}}