{"id":292,"date":"2023-05-28T23:46:03","date_gmt":"2023-05-28T21:46:03","guid":{"rendered":"https:\/\/air-cbd.com\/?post_type=product&#038;p=292"},"modified":"2023-05-30T15:33:37","modified_gmt":"2023-05-30T13:33:37","slug":"hash-charas-25-cbd-cbg-cbn","status":"publish","type":"product","link":"https:\/\/air-cbd.com\/index.php\/product\/hash-charas-25-cbd-cbg-cbn\/","title":{"rendered":"Hash Charas 25% CBD CBG CBN"},"content":{"rendered":"<p>Le\u00a0 Charas est une extraction de tr\u00e8s grande qualit\u00e9. Son mode de fabrication traditionnel et unique en fait une r\u00e9sine authentique et incroyable , aux ar\u00f4mes de chanvre prononc\u00e9s.<\/p>\n<p>Sa richesse s\u00e9duira sans nul doute les amateurs mais aussi les plus aguerris.\u00a0 ce petit concentr\u00e9 de CBD a tout pour plaire : il s\u2019agit d\u2019une des meilleures r\u00e9sines du march\u00e9.<\/p>\n<p>Le Charas est id\u00e9al pour vous accompagner lors de vos moments de d\u00e9tente loin du stress.<\/p>\n","protected":false},"excerpt":{"rendered":"<p>Le\u00a0 Charas est une extraction de tr\u00e8s grande qualit\u00e9. Son mode de fabrication traditionnel et unique en fait une r\u00e9sine authentique et incroyable , aux ar\u00f4mes de chanvre prononc\u00e9s. Sa richesse s\u00e9duira sans nul doute les amateurs mais aussi les plus aguerris.\u00a0 ce petit concentr\u00e9 de CBD a tout pour plaire : il s\u2019agit d\u2019une [&hellip;]<\/p>\n","protected":false},"featured_media":293,"comment_status":"open","ping_status":"closed","template":"","meta":[],"product_cat":[17,26],"product_tag":[],"aioseo_notices":[],"_links":{"self":[{"href":"https:\/\/air-cbd.com\/index.php\/wp-json\/wp\/v2\/product\/292"}],"collection":[{"href":"https:\/\/air-cbd.com\/index.php\/wp-json\/wp\/v2\/product"}],"about":[{"href":"https:\/\/air-cbd.com\/index.php\/wp-json\/wp\/v2\/types\/product"}],"replies":[{"embeddable":true,"href":"https:\/\/air-cbd.com\/index.php\/wp-json\/wp\/v2\/comments?post=292"}],"wp:featuredmedia":[{"embeddable":true,"href":"https:\/\/air-cbd.com\/index.php\/wp-json\/wp\/v2\/media\/293"}],"wp:attachment":[{"href":"https:\/\/air-cbd.com\/index.php\/wp-json\/wp\/v2\/media?parent=292"}],"wp:term":[{"taxonomy":"product_cat","embeddable":true,"href":"https:\/\/air-cbd.com\/index.php\/wp-json\/wp\/v2\/product_cat?post=292"},{"taxonomy":"product_tag","embeddable":true,"href":"https:\/\/air-cbd.com\/index.php\/wp-json\/wp\/v2\/product_tag?post=292"}],"curies":[{"name":"wp","href":"https:\/\/api.w.org\/{rel}","templated":true}]}}