{"id":390,"date":"2023-05-31T11:41:54","date_gmt":"2023-05-31T09:41:54","guid":{"rendered":"https:\/\/air-cbd.com\/?post_type=product&#038;p=390"},"modified":"2023-06-23T20:42:28","modified_gmt":"2023-06-23T18:42:28","slug":"tropical-cbd-suisse","status":"publish","type":"product","link":"https:\/\/air-cbd.com\/index.php\/product\/tropical-cbd-suisse\/","title":{"rendered":"Tropical"},"content":{"rendered":"<blockquote><p>La\u00a0<b>Tropical\u00a0 &#8211; Air\u00a0 CBD en Indoor <\/b>s\u00e9duit par sa puissance\u00a0 et ces aromes uniques\u00a0 de fruits exotique et de mangues.<\/p><\/blockquote>\n","protected":false},"excerpt":{"rendered":"<p>La<strong> Tropical <\/strong>\u00a0porte\u00a0 son nom comme il ce doit . Il suffit d\u2019ouvrir le paquet de cette <strong>fleur de CBD exceptionnelle<\/strong>\u00a0pour sentir tous ses<strong>\u00a0d\u00e9licieux ar\u00f4mes tropicaux<\/strong>. Gr\u00e2ce \u00e0 ses notes\u00a0 ensoleill\u00e9e <strong>\u00a0<\/strong>, cette sommit\u00e9 florale au go\u00fbt incontournable vous transporte vers d\u2019autres horizons.<\/p>\n<p>un voyage exotique au c\u0153ur de la jungle .<\/p>\n<p>Elle est particuli\u00e8rement adapt\u00e9e aux d\u00e9butants et aux habitu\u00e9s qui cherchent des<strong>\u00a0effets intenses<\/strong>\u00a0mais une\u00a0<strong>douceur en termes de saveurs<\/strong>.<\/p>\n<p>Le cannabidiol est reconnu\u00a0 pour ses propri\u00e9t\u00e9s <strong>analg\u00e9sique, anti-inflammatoire, anti-stress et relaxante<\/strong>.<\/p>\n","protected":false},"featured_media":391,"comment_status":"open","ping_status":"closed","template":"","meta":[],"product_cat":[18,26],"product_tag":[],"aioseo_notices":[],"_links":{"self":[{"href":"https:\/\/air-cbd.com\/index.php\/wp-json\/wp\/v2\/product\/390"}],"collection":[{"href":"https:\/\/air-cbd.com\/index.php\/wp-json\/wp\/v2\/product"}],"about":[{"href":"https:\/\/air-cbd.com\/index.php\/wp-json\/wp\/v2\/types\/product"}],"replies":[{"embeddable":true,"href":"https:\/\/air-cbd.com\/index.php\/wp-json\/wp\/v2\/comments?post=390"}],"wp:featuredmedia":[{"embeddable":true,"href":"https:\/\/air-cbd.com\/index.php\/wp-json\/wp\/v2\/media\/391"}],"wp:attachment":[{"href":"https:\/\/air-cbd.com\/index.php\/wp-json\/wp\/v2\/media?parent=390"}],"wp:term":[{"taxonomy":"product_cat","embeddable":true,"href":"https:\/\/air-cbd.com\/index.php\/wp-json\/wp\/v2\/product_cat?post=390"},{"taxonomy":"product_tag","embeddable":true,"href":"https:\/\/air-cbd.com\/index.php\/wp-json\/wp\/v2\/product_tag?post=390"}],"curies":[{"name":"wp","href":"https:\/\/api.w.org\/{rel}","templated":true}]}}