{"id":567,"date":"2023-06-23T14:20:08","date_gmt":"2023-06-23T12:20:08","guid":{"rendered":"https:\/\/air-cbd.com\/index.php\/product\/fleur-cbd-lemon-haze-copy\/"},"modified":"2023-06-28T15:10:40","modified_gmt":"2023-06-28T13:10:40","slug":"resine-cbd-caramelo","status":"publish","type":"product","link":"https:\/\/air-cbd.com\/index.php\/product\/resine-cbd-caramelo\/","title":{"rendered":"Caramelo"},"content":{"rendered":"<h3><a title=\"Fleur CBD suisse\" href=\"https:\/\/air-cbd.com\/index.php\/cbd-suisse\/\" target=\"_blank\" rel=\"noopener\">R\u00e9sine de CBD Suisse<\/a><\/h3>\n<h3><\/h3>\n","protected":false},"excerpt":{"rendered":"<p>A travers le gamme Swiss premium quality<strong>, Air CBD<\/strong> propose <strong>des r\u00e9sines de CBD de qualit\u00e9 sup\u00e9rieure<\/strong> issues de <strong>productions Suisses<\/strong>.<\/p>\n","protected":false},"featured_media":0,"comment_status":"open","ping_status":"closed","template":"","meta":[],"product_cat":[17,26],"product_tag":[],"aioseo_notices":[],"_links":{"self":[{"href":"https:\/\/air-cbd.com\/index.php\/wp-json\/wp\/v2\/product\/567"}],"collection":[{"href":"https:\/\/air-cbd.com\/index.php\/wp-json\/wp\/v2\/product"}],"about":[{"href":"https:\/\/air-cbd.com\/index.php\/wp-json\/wp\/v2\/types\/product"}],"replies":[{"embeddable":true,"href":"https:\/\/air-cbd.com\/index.php\/wp-json\/wp\/v2\/comments?post=567"}],"wp:attachment":[{"href":"https:\/\/air-cbd.com\/index.php\/wp-json\/wp\/v2\/media?parent=567"}],"wp:term":[{"taxonomy":"product_cat","embeddable":true,"href":"https:\/\/air-cbd.com\/index.php\/wp-json\/wp\/v2\/product_cat?post=567"},{"taxonomy":"product_tag","embeddable":true,"href":"https:\/\/air-cbd.com\/index.php\/wp-json\/wp\/v2\/product_tag?post=567"}],"curies":[{"name":"wp","href":"https:\/\/api.w.org\/{rel}","templated":true}]}}