{"id":586,"date":"2023-06-24T14:01:48","date_gmt":"2023-06-24T12:01:48","guid":{"rendered":"https:\/\/air-cbd.com\/index.php\/product\/resine-de-cbd-3x-filtre-copy-2-copy-copy\/"},"modified":"2023-06-25T20:27:13","modified_gmt":"2023-06-25T18:27:13","slug":"fleur-de-cbd-runtz-h4cbd","status":"publish","type":"product","link":"https:\/\/air-cbd.com\/index.php\/product\/fleur-de-cbd-runtz-h4cbd\/","title":{"rendered":"Runtz  Indoor H4CBD 50%"},"content":{"rendered":"<h3><a title=\"Fleur CBD suisse\" href=\"https:\/\/air-cbd.com\/index.php\/cbd-suisse\/\" target=\"_blank\" rel=\"noopener\">Fleur de CBD Suisse<\/a><\/h3>\n<div><\/div>\n","protected":false},"excerpt":{"rendered":"<p>A travers le gamme Swiss premium quality<strong>, Air CBD<\/strong> propose <strong>des fleurs de CBD de qualit\u00e9 sup\u00e9rieure<\/strong> issues de <strong>productions Suisses <\/strong>en<a title=\"CBD cultiv\u00e9 en indoor pour une qualit\u00e9 optimale\" href=\"https:\/\/air-cbd.com\/index.php\/cbd-cultive-en-indoor-pour-une-qualite-optimale\/\" target=\"_blank\" rel=\"noopener\"><strong> Indoor<\/strong><\/a>.<\/p>\n<p>Parfum\u00e9e, fruit\u00e9e et sucr\u00e9e, douce et d\u00e9licate .<\/p>\n<div><\/div>\n","protected":false},"featured_media":631,"comment_status":"open","ping_status":"closed","template":"","meta":[],"product_cat":[18,26],"product_tag":[],"aioseo_notices":[],"_links":{"self":[{"href":"https:\/\/air-cbd.com\/index.php\/wp-json\/wp\/v2\/product\/586"}],"collection":[{"href":"https:\/\/air-cbd.com\/index.php\/wp-json\/wp\/v2\/product"}],"about":[{"href":"https:\/\/air-cbd.com\/index.php\/wp-json\/wp\/v2\/types\/product"}],"replies":[{"embeddable":true,"href":"https:\/\/air-cbd.com\/index.php\/wp-json\/wp\/v2\/comments?post=586"}],"wp:featuredmedia":[{"embeddable":true,"href":"https:\/\/air-cbd.com\/index.php\/wp-json\/wp\/v2\/media\/631"}],"wp:attachment":[{"href":"https:\/\/air-cbd.com\/index.php\/wp-json\/wp\/v2\/media?parent=586"}],"wp:term":[{"taxonomy":"product_cat","embeddable":true,"href":"https:\/\/air-cbd.com\/index.php\/wp-json\/wp\/v2\/product_cat?post=586"},{"taxonomy":"product_tag","embeddable":true,"href":"https:\/\/air-cbd.com\/index.php\/wp-json\/wp\/v2\/product_tag?post=586"}],"curies":[{"name":"wp","href":"https:\/\/api.w.org\/{rel}","templated":true}]}}