{"id":614,"date":"2023-06-24T18:20:46","date_gmt":"2023-06-24T16:20:46","guid":{"rendered":"https:\/\/air-cbd.com\/index.php\/product\/fleur-cbd-ice-rock-indoor-copy\/"},"modified":"2023-06-28T00:23:30","modified_gmt":"2023-06-27T22:23:30","slug":"fleur-cbd-moon-rock-indoor","status":"publish","type":"product","link":"https:\/\/air-cbd.com\/index.php\/product\/fleur-cbd-moon-rock-indoor\/","title":{"rendered":"Moon Rock Indoor CBD 40%"},"content":{"rendered":"<h3><a title=\"Fleur CBD suisse\" href=\"https:\/\/air-cbd.com\/index.php\/cbd-suisse\/\" target=\"_blank\" rel=\"noopener\">Fleur de CBD Suisse<\/a><\/h3>\n<p>Les vari\u00e9t\u00e9s &#8220;Rock&#8221; sont fortement concentr\u00e9 en <strong>CBD<\/strong> gr\u00e2ce \u00e0 leur enrobage. En ce qui concerne\u00a0 la <strong>Moon Rock<\/strong> son enrobage compos\u00e9 d&#8217;extrait de chanvre et de pollen lui conf\u00e8re des ar\u00f4mes d&#8217;orange, fruit\u00e9 et bois\u00e9.<\/p>\n","protected":false},"excerpt":{"rendered":"<p>A travers le gamme <a title=\"CBD Suisse\" href=\"https:\/\/air-cbd.com\/index.php\/cbd-suisse\/\" target=\"_blank\" rel=\"noopener\">Swiss premium quality<\/a><strong>, Air CBD<\/strong> propose <strong>des fleurs de CBD de qualit\u00e9 sup\u00e9rieure<\/strong> issues de <strong>productions Suisses<\/strong>. Pour assurer une qualit\u00e9 optimale les Fleurs sont bios et cultiv\u00e9es en &#8220;<a title=\"CBD cultiv\u00e9 en indoor pour une qualit\u00e9 optimale\" href=\"https:\/\/air-cbd.com\/index.php\/cbd-cultive-en-indoor-pour-une-qualite-optimale\/\" target=\"_blank\" rel=\"noopener\">indoor<\/a>&#8220;<\/p>\n","protected":false},"featured_media":626,"comment_status":"open","ping_status":"closed","template":"","meta":[],"product_cat":[18,26],"product_tag":[40,39,41,42],"aioseo_notices":[],"_links":{"self":[{"href":"https:\/\/air-cbd.com\/index.php\/wp-json\/wp\/v2\/product\/614"}],"collection":[{"href":"https:\/\/air-cbd.com\/index.php\/wp-json\/wp\/v2\/product"}],"about":[{"href":"https:\/\/air-cbd.com\/index.php\/wp-json\/wp\/v2\/types\/product"}],"replies":[{"embeddable":true,"href":"https:\/\/air-cbd.com\/index.php\/wp-json\/wp\/v2\/comments?post=614"}],"wp:featuredmedia":[{"embeddable":true,"href":"https:\/\/air-cbd.com\/index.php\/wp-json\/wp\/v2\/media\/626"}],"wp:attachment":[{"href":"https:\/\/air-cbd.com\/index.php\/wp-json\/wp\/v2\/media?parent=614"}],"wp:term":[{"taxonomy":"product_cat","embeddable":true,"href":"https:\/\/air-cbd.com\/index.php\/wp-json\/wp\/v2\/product_cat?post=614"},{"taxonomy":"product_tag","embeddable":true,"href":"https:\/\/air-cbd.com\/index.php\/wp-json\/wp\/v2\/product_tag?post=614"}],"curies":[{"name":"wp","href":"https:\/\/api.w.org\/{rel}","templated":true}]}}