{"id":683,"date":"2023-06-28T00:18:20","date_gmt":"2023-06-27T22:18:20","guid":{"rendered":"https:\/\/air-cbd.com\/index.php\/product\/fleur-cbd-moon-rock-indoor-copy\/"},"modified":"2023-06-28T00:36:58","modified_gmt":"2023-06-27T22:36:58","slug":"fleur-cbd-sun-rock-indoor","status":"publish","type":"product","link":"https:\/\/air-cbd.com\/index.php\/product\/fleur-cbd-sun-rock-indoor\/","title":{"rendered":"Sun Rock Indoor CBD 55%"},"content":{"rendered":"<h3><a title=\"Fleur CBD suisse\" href=\"https:\/\/air-cbd.com\/index.php\/cbd-suisse\/\" target=\"_blank\" rel=\"noopener\">Fleur de CBD Suisse<\/a><\/h3>\n<p>Les vari\u00e9t\u00e9s &#8220;Rock&#8221; sont fortement concentr\u00e9 en <strong>CBD<\/strong> gr\u00e2ce \u00e0 leur enrobage. En ce qui concerne\u00a0 la <strong>Sun Rock<\/strong> son enrobage compos\u00e9 d&#8217;extrait de chanvre et de pollen lui conf\u00e8re des ar\u00f4mes\u00a0 fruit\u00e9, bois\u00e9 et \u00e9pic\u00e9.<\/p>\n","protected":false},"excerpt":{"rendered":"<p>A travers le gamme <a title=\"CBD Suisse\" href=\"https:\/\/air-cbd.com\/index.php\/cbd-suisse\/\" target=\"_blank\" rel=\"noopener\">Swiss premium quality<\/a><strong>, Air CBD<\/strong> propose <strong>des fleurs de CBD de qualit\u00e9 sup\u00e9rieure<\/strong> issues de <strong>productions Suisses<\/strong>. Pour assurer une qualit\u00e9 optimale les Fleurs sont bios et cultiv\u00e9es en &#8220;<a title=\"CBD cultiv\u00e9 en indoor pour une qualit\u00e9 optimale\" href=\"https:\/\/air-cbd.com\/index.php\/cbd-cultive-en-indoor-pour-une-qualite-optimale\/\" target=\"_blank\" rel=\"noopener\">indoor<\/a>&#8220;<\/p>\n","protected":false},"featured_media":690,"comment_status":"open","ping_status":"closed","template":"","meta":[],"product_cat":[18,26],"product_tag":[40,39,41,42],"aioseo_notices":[],"_links":{"self":[{"href":"https:\/\/air-cbd.com\/index.php\/wp-json\/wp\/v2\/product\/683"}],"collection":[{"href":"https:\/\/air-cbd.com\/index.php\/wp-json\/wp\/v2\/product"}],"about":[{"href":"https:\/\/air-cbd.com\/index.php\/wp-json\/wp\/v2\/types\/product"}],"replies":[{"embeddable":true,"href":"https:\/\/air-cbd.com\/index.php\/wp-json\/wp\/v2\/comments?post=683"}],"wp:featuredmedia":[{"embeddable":true,"href":"https:\/\/air-cbd.com\/index.php\/wp-json\/wp\/v2\/media\/690"}],"wp:attachment":[{"href":"https:\/\/air-cbd.com\/index.php\/wp-json\/wp\/v2\/media?parent=683"}],"wp:term":[{"taxonomy":"product_cat","embeddable":true,"href":"https:\/\/air-cbd.com\/index.php\/wp-json\/wp\/v2\/product_cat?post=683"},{"taxonomy":"product_tag","embeddable":true,"href":"https:\/\/air-cbd.com\/index.php\/wp-json\/wp\/v2\/product_tag?post=683"}],"curies":[{"name":"wp","href":"https:\/\/api.w.org\/{rel}","templated":true}]}}